{"id":586,"date":"2021-08-30T09:22:25","date_gmt":"2021-08-30T09:22:25","guid":{"rendered":"https:\/\/wordpress.prudentes.de\/?page_id=586"},"modified":"2025-01-09T09:57:35","modified_gmt":"2025-01-09T09:57:35","slug":"impressum","status":"publish","type":"page","link":"https:\/\/www.prudentes.de\/en\/impressum","title":{"rendered":"Imprint"},"content":{"rendered":"<p>[et_pb_section fb_built=\"1\" _builder_version=\"4.19.1\" _module_preset=\"default\" custom_margin=\"95px||||false|false\" custom_padding=\"0px||0px|||\" global_colors_info=\"{}\"][et_pb_row _builder_version=\"4.16\" _module_preset=\"default\" global_colors_info=\"{}\"][et_pb_column type=\"4_4\" _builder_version=\"4.16\" _module_preset=\"default\" global_colors_info=\"{}\"][et_pb_text _builder_version=\"4.16\" _module_preset=\"default\" header_font=\"|700|||||||\" header_text_align=\"center\" header_text_color=\"#5F5F5F\" global_colors_info=\"{}\"]<\/p>\n<h1>Impressum<\/h1>\n<p>[\/et_pb_text][et_pb_divider color=\"#C00000\" divider_weight=\"5px\" _builder_version=\"4.16\" _module_preset=\"default\" width=\"23%\" module_alignment=\"center\" global_colors_info=\"{}\"][\/et_pb_divider][\/et_pb_column][\/et_pb_row][et_pb_row _builder_version=\"4.16\" _module_preset=\"default\" global_colors_info=\"{}\"][et_pb_column type=\"4_4\" _builder_version=\"4.16\" _module_preset=\"default\" global_colors_info=\"{}\"][et_pb_text _builder_version=\"4.16\" _module_preset=\"default\" global_colors_info=\"{}\"]<\/p>\n<p>Prudentes Management GmbH<br \/>Neumayerring 33<br \/>67227 Frankenthal<\/p>\n<p>Telefon: +49 (0) 62 33 355 889 0<br \/>Telefax: +49 (0) 62 33 355 889 1<\/p>\n<p>E-Mail: <a href=\"mailto:info@prudentes.de\" target=\"_blank\" rel=\"noopener\">info@prudentes.de<\/a><\/p>\n<p>Gesch\u00e4ftsf\u00fchrer: Norbert Irsfeld<br \/>Registergericht Amtsgericht Ludwigshafen<br \/>Registernummer HR B 60845<br \/>Umsatzsteuer-Identnummer: DE252388441<\/p>\n<p><strong>Haftungshinweis<\/strong><br \/>Trotz sorgf\u00e4ltiger inhaltlicher Kontrolle \u00fcbernehmen wir keine Haftung f\u00fcr die Inhalte externer Links. F\u00fcr den Inhalt der verlinkten Seiten sind ausschlie\u00dflich deren Betreiber verantwortlich.<\/p>\n<p>Alle Rechte vorbehalten. Insbesondere d\u00fcrfen Nachdruck, Vervielf\u00e4ltigung auf Datentr\u00e4ger wie CD-ROM, DVD-ROM etc. nur nach vorheriger schriftlicher Zustimmung erfolgen. Alle hier nicht ausdr\u00fccklich einger\u00e4umten Rechte bleiben vorbehalten.<\/p>\n<p>Die Inhalte der jeweiligen Bereiche auf dieser Website unterliegen der Verantwortung der jeweils relevanten Gesellschaften. Inhaltlich verantwortlich gem\u00e4\u00df \u00a7 10 Absatz 3 MDStV sind die jeweiligen vertretungsberechtigten Personen der einzelnen Gesellschaften. Die Prudentes Management GmbH ist bestrebt, in allen Publikationen geltende Urheberrechte zu beachten. Sollte es trotzdem zu einer Urheberrechtsverletzung kommen, wird die Prudentes Management GmbH das entsprechende Objekt nach Benachrichtigung aus seiner Publikation entfernen bzw. mit dem entsprechenden Urheberrecht kenntlich machen. Das Urheberecht f\u00fcr die eigenen Inhalte von der Prudentes Management GmbH auf den Domains www.prudentes.de steht allein der Prudentes Manangement GmbH zu. Eine Vervielf\u00e4ltigung solcher Grafiken oder Texte in anderen elektronischen oder gedruckten Publikationen ist ohne ausdr\u00fcckliche Zustimmung der Prudentes Management GmbH nicht gestattet.<\/p>\n<p>Angaben gem\u00e4\u00df \u00a7 6 TDG (Teledienstgesetz)<\/p>\n<p>Webdesign:<br \/>CARS student consulting e. V.<br \/><a href=\"https:\/\/cars-sc.de\">www.cars-sc.de<\/a><\/p>\n<p>[\/et_pb_text][\/et_pb_column][\/et_pb_row][\/et_pb_section]<\/p>\n","protected":false},"excerpt":{"rendered":"<p>ImpressumPrudentes Management GmbHNeumayerring 3367227 Frankenthal Telefon: +49 (0) 62 33 355 889 0Telefax: +49 (0) 62 33 355 889 1 E-Mail: info@prudentes.de Gesch\u00e4ftsf\u00fchrer: Norbert IrsfeldRegistergericht Amtsgericht LudwigshafenRegisternummer HR B 60845Umsatzsteuer-Identnummer: DE252388441 HaftungshinweisTrotz sorgf\u00e4ltiger inhaltlicher Kontrolle \u00fcbernehmen wir keine Haftung f\u00fcr die Inhalte externer Links. F\u00fcr den Inhalt der verlinkten Seiten sind ausschlie\u00dflich deren Betreiber verantwortlich. [&hellip;]<\/p>\n","protected":false},"author":1,"featured_media":0,"parent":0,"menu_order":0,"comment_status":"closed","ping_status":"closed","template":"","meta":{"_et_pb_use_builder":"on","_et_pb_old_content":"<!-- wp:divi\/placeholder \/-->","_et_gb_content_width":"","wp_typography_post_enhancements_disabled":false,"footnotes":""},"class_list":["post-586","page","type-page","status-publish","hentry"],"yoast_head":"<!-- This site is optimized with the Yoast SEO plugin v27.6 - https:\/\/yoast.com\/product\/yoast-seo-wordpress\/ -->\n<title>Impressum - Prudentes<\/title>\n<meta name=\"robots\" content=\"index, follow, max-snippet:-1, max-image-preview:large, max-video-preview:-1\" \/>\n<link rel=\"canonical\" href=\"https:\/\/www.prudentes.de\/en\/impressum\/\" \/>\n<meta property=\"og:locale\" content=\"en_US\" \/>\n<meta property=\"og:type\" content=\"article\" \/>\n<meta property=\"og:title\" content=\"Impressum - Prudentes\" \/>\n<meta property=\"og:description\" content=\"ImpressumPrudentes Management GmbHNeumayerring 3367227 Frankenthal Telefon: +49 (0) 62 33 355 889 0Telefax: +49 (0) 62 33 355 889 1 E-Mail: info@prudentes.de Gesch\u00e4ftsf\u00fchrer: Norbert IrsfeldRegistergericht Amtsgericht LudwigshafenRegisternummer HR B 60845Umsatzsteuer-Identnummer: DE252388441 HaftungshinweisTrotz sorgf\u00e4ltiger inhaltlicher Kontrolle \u00fcbernehmen wir keine Haftung f\u00fcr die Inhalte externer Links. F\u00fcr den Inhalt der verlinkten Seiten sind ausschlie\u00dflich deren Betreiber verantwortlich. [&hellip;]\" \/>\n<meta property=\"og:url\" content=\"https:\/\/www.prudentes.de\/en\/impressum\/\" \/>\n<meta property=\"og:site_name\" content=\"Prudentes\" \/>\n<meta property=\"article:modified_time\" content=\"2025-01-09T09:57:35+00:00\" \/>\n<meta name=\"twitter:card\" content=\"summary_large_image\" \/>\n<meta name=\"twitter:label1\" content=\"Est. reading time\" \/>\n\t<meta name=\"twitter:data1\" content=\"2 minutes\" \/>\n<script type=\"application\/ld+json\" class=\"yoast-schema-graph\">{\"@context\":\"https:\\\/\\\/schema.org\",\"@graph\":[{\"@type\":\"WebPage\",\"@id\":\"https:\\\/\\\/www.prudentes.de\\\/impressum\",\"url\":\"https:\\\/\\\/www.prudentes.de\\\/impressum\",\"name\":\"Impressum - Prudentes\",\"isPartOf\":{\"@id\":\"https:\\\/\\\/www.prudentes.de\\\/#website\"},\"datePublished\":\"2021-08-30T09:22:25+00:00\",\"dateModified\":\"2025-01-09T09:57:35+00:00\",\"breadcrumb\":{\"@id\":\"https:\\\/\\\/www.prudentes.de\\\/impressum#breadcrumb\"},\"inLanguage\":\"en-US\",\"potentialAction\":[{\"@type\":\"ReadAction\",\"target\":[\"https:\\\/\\\/www.prudentes.de\\\/impressum\"]}]},{\"@type\":\"BreadcrumbList\",\"@id\":\"https:\\\/\\\/www.prudentes.de\\\/impressum#breadcrumb\",\"itemListElement\":[{\"@type\":\"ListItem\",\"position\":1,\"name\":\"Startseite\",\"item\":\"https:\\\/\\\/www.prudentes.de\\\/\"},{\"@type\":\"ListItem\",\"position\":2,\"name\":\"Impressum\"}]},{\"@type\":\"WebSite\",\"@id\":\"https:\\\/\\\/www.prudentes.de\\\/#website\",\"url\":\"https:\\\/\\\/www.prudentes.de\\\/\",\"name\":\"Prudentes\",\"description\":\"Prudentes Management GmbH\",\"potentialAction\":[{\"@type\":\"SearchAction\",\"target\":{\"@type\":\"EntryPoint\",\"urlTemplate\":\"https:\\\/\\\/www.prudentes.de\\\/?s={search_term_string}\"},\"query-input\":{\"@type\":\"PropertyValueSpecification\",\"valueRequired\":true,\"valueName\":\"search_term_string\"}}],\"inLanguage\":\"en-US\"}]}<\/script>\n<!-- \/ Yoast SEO plugin. -->","yoast_head_json":{"title":"Impres\u00adsum \u2014 Prudentes","robots":{"index":"index","follow":"follow","max-snippet":"max-snippet:-1","max-image-preview":"max-image-preview:large","max-video-preview":"max-video-preview:-1"},"canonical":"https:\/\/www.prudentes.de\/en\/impressum\/","og_locale":"en_US","og_type":"article","og_title":"Impressum - Prudentes","og_description":"ImpressumPrudentes Management GmbHNeumayerring 3367227 Frankenthal Telefon: +49 (0) 62 33 355 889 0Telefax: +49 (0) 62 33 355 889 1 E-Mail: info@prudentes.de Gesch\u00e4ftsf\u00fchrer: Norbert IrsfeldRegistergericht Amtsgericht LudwigshafenRegisternummer HR B 60845Umsatzsteuer-Identnummer: DE252388441 HaftungshinweisTrotz sorgf\u00e4ltiger inhaltlicher Kontrolle \u00fcbernehmen wir keine Haftung f\u00fcr die Inhalte externer Links. F\u00fcr den Inhalt der verlinkten Seiten sind ausschlie\u00dflich deren Betreiber verantwortlich. [&hellip;]","og_url":"https:\/\/www.prudentes.de\/en\/impressum\/","og_site_name":"Prudentes","article_modified_time":"2025-01-09T09:57:35+00:00","twitter_card":"summary_large_image","twitter_misc":{"Est. reading time":"2 minutes"},"schema":{"@context":"https:\/\/schema.org","@graph":[{"@type":"WebPage","@id":"https:\/\/www.prudentes.de\/impressum","url":"https:\/\/www.prudentes.de\/impressum","name":"Impres\u00adsum \u2014 Prudentes","isPartOf":{"@id":"https:\/\/www.prudentes.de\/#website"},"datePublished":"2021-08-30T09:22:25+00:00","dateModified":"2025-01-09T09:57:35+00:00","breadcrumb":{"@id":"https:\/\/www.prudentes.de\/impressum#breadcrumb"},"inLanguage":"en-US","potentialAction":[{"@type":"ReadAction","target":["https:\/\/www.prudentes.de\/impressum"]}]},{"@type":"BreadcrumbList","@id":"https:\/\/www.prudentes.de\/impressum#breadcrumb","itemListElement":[{"@type":"ListItem","position":1,"name":"Startseite","item":"https:\/\/www.prudentes.de\/"},{"@type":"ListItem","position":2,"name":"Impressum"}]},{"@type":"WebSite","@id":"https:\/\/www.prudentes.de\/#website","url":"https:\/\/www.prudentes.de\/","name":"Pru\u00adden\u00adtes","description":"Pru\u00adden\u00adtes Manage\u00adment&nbsp;GmbH","potentialAction":[{"@type":"SearchAction","target":{"@type":"EntryPoint","urlTemplate":"https:\/\/www.prudentes.de\/?s={search_term_string}"},"query-input":{"@type":"PropertyValueSpecification","valueRequired":true,"valueName":"search_term_string"}}],"inLanguage":"en-US"}]}},"_links":{"self":[{"href":"https:\/\/www.prudentes.de\/en\/wp-json\/wp\/v2\/pages\/586","targetHints":{"allow":["GET"]}}],"collection":[{"href":"https:\/\/www.prudentes.de\/en\/wp-json\/wp\/v2\/pages"}],"about":[{"href":"https:\/\/www.prudentes.de\/en\/wp-json\/wp\/v2\/types\/page"}],"author":[{"embeddable":true,"href":"https:\/\/www.prudentes.de\/en\/wp-json\/wp\/v2\/users\/1"}],"replies":[{"embeddable":true,"href":"https:\/\/www.prudentes.de\/en\/wp-json\/wp\/v2\/comments?post=586"}],"version-history":[{"count":9,"href":"https:\/\/www.prudentes.de\/en\/wp-json\/wp\/v2\/pages\/586\/revisions"}],"predecessor-version":[{"id":3401,"href":"https:\/\/www.prudentes.de\/en\/wp-json\/wp\/v2\/pages\/586\/revisions\/3401"}],"wp:attachment":[{"href":"https:\/\/www.prudentes.de\/en\/wp-json\/wp\/v2\/media?parent=586"}],"curies":[{"name":"wp","href":"https:\/\/api.w.org\/{rel}","templated":true}]}}