{"id":515,"date":"2021-08-27T14:29:26","date_gmt":"2021-08-27T14:29:26","guid":{"rendered":"https:\/\/wordpress.prudentes.de\/?page_id=515"},"modified":"2022-10-20T15:45:39","modified_gmt":"2022-10-20T15:45:39","slug":"bewerbung","status":"publish","type":"page","link":"https:\/\/www.prudentes.de\/en\/bewerbung","title":{"rendered":"Bewer\u00adbung"},"content":{"rendered":"<p>[et_pb_section fb_built=\"1\" _builder_version=\"4.16\" _module_preset=\"default\" use_background_color_gradient=\"on\" background_color_gradient_direction=\"1deg\" background_color_gradient_stops=\"#c00000 13%|rgba(0,0,0,0) 100%\" background_color_gradient_overlays_image=\"on\" background_color_gradient_start=\"#c00000\" background_color_gradient_start_position=\"13%\" background_color_gradient_end=\"rgba(0,0,0,0)\" background_image=\"https:\/\/wordpress.prudentes.de\/wp-content\/uploads\/2021\/09\/pexels-pixabay-48148-scaled.jpg\" width=\"100%\" max_width=\"100%\" module_alignment=\"center\" height=\"360px\" custom_padding=\"||185px|||\" global_colors_info=\"{}\"][et_pb_row _builder_version=\"4.16\" _module_preset=\"default\" global_colors_info=\"{}\"][et_pb_column type=\"4_4\" _builder_version=\"4.16\" _module_preset=\"default\" global_colors_info=\"{}\"][et_pb_text _builder_version=\"4.18.0\" _module_preset=\"default\" text_font=\"||||||||\" text_text_color=\"#FFFFFF\" text_font_size=\"18px\" header_font=\"|700|||||||\" header_text_align=\"center\" header_text_color=\"#FFFFFF\" header_font_size=\"50px\" custom_margin=\"50px||||false|false\" hover_enabled=\"0\" global_colors_info=\"{}\" sticky_enabled=\"0\"]<\/p>\n<h1 style=\"text-align: center;\">Jetzt bewerben<\/h1>\n<p style=\"text-align: center;\"><em><\/em><\/p>\n<p style=\"text-align: center;\"><em>Werde ein Teil von Prudentes<\/em><\/p>\n<p>[\/et_pb_text][\/et_pb_column][\/et_pb_row][\/et_pb_section][et_pb_section fb_built=\"1\" _builder_version=\"4.16\" _module_preset=\"default\" custom_padding=\"10%||10%||false|false\" top_divider_style=\"mountains2\" top_divider_color=\"#C00000\" global_colors_info=\"{}\"][et_pb_row _builder_version=\"4.16\" _module_preset=\"default\" global_colors_info=\"{}\"][et_pb_column type=\"4_4\" _builder_version=\"4.16\" _module_preset=\"default\" global_colors_info=\"{}\"][et_pb_code _builder_version=\"4.16\" _module_preset=\"default\" global_colors_info=\"{}\"]<div id=\"multi-step-form\" class=\"fw-wizard\" data-stepCount=\"3\" data-wizardid=\"1\">\n    <div class=\"fw-wizard-step-header-container\">\n        <div class=\"fw-container\" data-redirect=\"\">\n                <div class=\"fw-wizard-step-header\" data-stepId=\"0\">\n            <span class=\"msf-h2\"><\/span>\n            <p class=\"fw-copytext\"><\/p>\n        <\/div>\n                <div class=\"fw-wizard-step-header\" data-stepId=\"1\">\n            <span class=\"msf-h2\"><\/span>\n            <p class=\"fw-copytext\"><\/p>\n        <\/div>\n                <div class=\"fw-wizard-step-header\" data-stepId=\"2\">\n            <span class=\"msf-h2\"><\/span>\n            <p class=\"fw-copytext\"><\/p>\n        <\/div>\n                <\/div>\n    <\/div>\n    <div class=\"fw-progress-bar-container \">\n        <div class=\"fw-container\">\n    <div class=\"fw-progress-wrap\">\n    <ul class=\"fw-progress-bar\"\n        data-activecolor=\"#c00000\"\n        data-donecolor=\"#a00000\"\n        data-nextcolor=\"#aaa\"\n        data-buttoncolor=\"#c00000\">\n                <li class=\"fw-progress-step\"\n            data-id=\"0\">\n            <span class=\"fw-progress-bar-bar\"><\/span>\n            <span class=\"fw-txt-ellipsis\" data-title=\"Step 1\">Step 1<\/span>\n                    <\/li>\n                    <li class=\"fw-progress-step\"\n            data-id=\"1\">\n            <span class=\"fw-progress-bar-bar\"><\/span>\n            <span class=\"fw-txt-ellipsis\" data-title=\"Step 2\">Step 2<\/span>\n                    <\/li>\n                    <li class=\"fw-progress-step\"\n            data-id=\"2\">\n            <span class=\"fw-progress-bar-bar\"><\/span>\n            <span class=\"fw-txt-ellipsis\" data-title=\"Step 3\">Step 3<\/span>\n                    <\/li>\n                <\/ul>\n<\/div>\n        <\/div>\n    <\/div>\n    <div class=\"fw-wizard-step-container\">\n        <div class=\"fw-container\">\n                    <div class=\"fw-wizard-step\" data-stepId=\"0\">\n                <div class=\"fw-step-part \" data-partId=\"0\">\n\t<span class=\"fw-step-part-title \">\n\t\t\tJetzt bewerben!\t<\/span>\n\t<div class=\"fw-clearfix\"><\/div>\n\t<div class=\"fw-step-part-body\">\n\t\t\t\t\t\t\t\t\t<div class=\"fw-step-block\" data-blockId=\"1\" data-type=\"fw-text\" data-required=\"true\">\n\t\t\t<div class=\"fw-input-container\">\n\t\t\t\t<label for=\"msf-text-vor--&-nachname\"><span class=\"msf-h3\">Vor- & Nachname<\/span><\/label>\n\t\t\t\t<input \n\t\t\t\t\ttype=\"text\" \n\t\t\t\t\tclass=\"fw-text-input\" \n\t\t\t\t\tid=\"msf-text-vor--&-nachname\"\n\t\t\t\t\tdata-id=\"text\">\n\t\t\t\t<span class=\"fa fa-pencil form-control-feedback\" aria-hidden=\"true\"><\/span>\n\t\t\t<\/div>\n\t\t\t<div class=\"fw-clearfix\"><\/div>\n\t\t<\/div>\n\t\t\t\t\t\t\t\t\t\t\t<div class=\"fw-step-block\" data-blockId=\"1\" data-type=\"fw-radio\" data-required=\"true\">\n\t\t\t\t\t\t\t\t<span class=\"msf-h3\">Geschlecht<\/span>\n\t\t\t\t\t<br>\n\t\t\t\t\t\t\t\t\t\t<span class=\"fw-choice fw-radio-row\">\n\t\t\t\t\t\t<input id=\"fw-1-0-0-1-1\" type=\"radio\" name=\"fw-1-0-0-1\" class=\"fw-radio\" data-id=\"1\">\n\t\t\t\t\t\t<label for=\"fw-1-0-0-1-1\" data-labelId=\"1\">M\u00e4nnlich<\/label>\n\t\t\t\t\t<\/span>\n\t\t\t\t\t\t\t\t\t\t<span class=\"fw-choice fw-radio-row\">\n\t\t\t\t\t\t<input id=\"fw-1-0-0-1-2\" type=\"radio\" name=\"fw-1-0-0-1\" class=\"fw-radio\" data-id=\"2\">\n\t\t\t\t\t\t<label for=\"fw-1-0-0-1-2\" data-labelId=\"2\">Weiblich<\/label>\n\t\t\t\t\t<\/span>\n\t\t\t\t\t\t\t\t\t\t<span class=\"fw-choice fw-radio-row\">\n\t\t\t\t\t\t<input id=\"fw-1-0-0-1-3\" type=\"radio\" name=\"fw-1-0-0-1\" class=\"fw-radio\" data-id=\"3\">\n\t\t\t\t\t\t<label for=\"fw-1-0-0-1-3\" data-labelId=\"3\">Divers<\/label>\n\t\t\t\t\t<\/span>\n\t\t\t\t\t\t\t<\/div>\n\t\t\t\t\t\t\t\t\t\t\t<div class=\"fw-step-block\" data-blockId=\"1\" data-type=\"fw-email\" data-required=\"true\">\n\t\t\t<div class=\"fw-input-container\">\n\t\t\t\t<label for=\"msf-mail-e-mail\"><span class=\"msf-h3\">E-Mail<\/span><\/label>\n\t\t\t\t<input type=\"text\" id=\"msf-mail-e-mail\"  class=\"fw-text-input one\" data-id=\"email\">\n\t\t\t\t<span class=\"fa fa-envelope form-control-feedback\" aria-hidden=\"true\"><\/span>\n\t\t\t<\/div>\n\t\t\t\t\t\t<div class=\"fw-clearfix\"><\/div>\n\t\t<\/div>\n\t  \t\t\t\t<\/div>\n<\/div>\n\t\t\t                <div class=\"fw-clearfix\"><\/div>\n            <\/div>\n                        <div class=\"fw-wizard-step\" data-stepId=\"1\">\n                <div class=\"fw-step-part \" data-partId=\"0\">\n\t<span class=\"fw-step-part-title \">\n\t\t\tIhre Bewerbungsunterlagen\t<\/span>\n\t<div class=\"fw-clearfix\"><\/div>\n\t<div class=\"fw-step-part-body\">\n\t\t\t\t\t\t\t\t\t<div class=\"fw-step-block\" data-blockId=\"1\" data-type=\"fw-paragraph\">\n\t\t\t<div class=\"fw-paragraph-container\">\n\t\t\t\tBitte laden Sie Ihre Bewerbungsunterlagen als PDF hoch.\nDie Dateigr\u00f6\u00dfe darf 512 MB nicht \u00fcberschreiten!\t\t\t<\/div>\n\t\t\t<div class=\"fw-clearfix\"><\/div>\n\t\t<\/div>\n\t\t\t\t\t\t\t\t\t\t\t<div class=\"fw-step-block\" data-blockId=\"1\" data-type=\"fw-file\" data-required=\"true\">\n\t\t\t<div class=\"fw-input-container\">\n\t\t\t\t<span class=\"msf-h3\">Anschreiben<\/span>\n\t\t\t\t<input type=\"file\" name=\"fw-1-1-0-1\" id=\"fw-1-1-0-1\" class=\"fw-file-upload-input\" >\n\t\t\t\t<label class=\"fw-btn fw-button-fileupload\" for=\"fw-1-1-0-1\"><i class=\"fa fa-upload fw-file-upload-status\" aria-hidden=\"true\"><\/i><span>Choose a file<\/span><\/label>\n\t\t\t\t<p>Max. size: 512.0 MB<\/p>\n\t\t\t<\/div>\n\t\t\t<div class=\"fw-clearfix\"><\/div>\n\t\t<\/div>\n\t  \t\t\t\t\t\t\t\t\t<div class=\"fw-step-block\" data-blockId=\"1\" data-type=\"fw-file\" data-required=\"true\">\n\t\t\t<div class=\"fw-input-container\">\n\t\t\t\t<span class=\"msf-h3\">Lebenslauf<\/span>\n\t\t\t\t<input type=\"file\" name=\"fw-1-1-0-2\" id=\"fw-1-1-0-2\" class=\"fw-file-upload-input\" >\n\t\t\t\t<label class=\"fw-btn fw-button-fileupload\" for=\"fw-1-1-0-2\"><i class=\"fa fa-upload fw-file-upload-status\" aria-hidden=\"true\"><\/i><span>Choose a file<\/span><\/label>\n\t\t\t\t<p>Max. size: 512.0 MB<\/p>\n\t\t\t<\/div>\n\t\t\t<div class=\"fw-clearfix\"><\/div>\n\t\t<\/div>\n\t  \t\t\t\t\t\t\t\t\t<div class=\"fw-step-block\" data-blockId=\"1\" data-type=\"fw-file\" data-required=\"false\">\n\t\t\t<div class=\"fw-input-container\">\n\t\t\t\t<span class=\"msf-h3\">Zeugnisse und Zertifikate<\/span>\n\t\t\t\t<input type=\"file\" name=\"fw-1-1-0-3\" id=\"fw-1-1-0-3\" class=\"fw-file-upload-input\" >\n\t\t\t\t<label class=\"fw-btn fw-button-fileupload\" for=\"fw-1-1-0-3\"><i class=\"fa fa-upload fw-file-upload-status\" aria-hidden=\"true\"><\/i><span>Choose a file<\/span><\/label>\n\t\t\t\t<p>Max. size: 512.0 MB<\/p>\n\t\t\t<\/div>\n\t\t\t<div class=\"fw-clearfix\"><\/div>\n\t\t<\/div>\n\t  \t\t\t\t<\/div>\n<\/div>\n\t\t\t                <div class=\"fw-clearfix\"><\/div>\n            <\/div>\n                        <div class=\"fw-wizard-step\" data-stepId=\"2\">\n                <div class=\"fw-step-part \" data-partId=\"0\">\n\t<span class=\"fw-step-part-title \">\n\t\t\tFast fertig!\t<\/span>\n\t<div class=\"fw-clearfix\"><\/div>\n\t<div class=\"fw-step-part-body\">\n\t\t\t\t\t\t\t\t\t<div class=\"fw-step-block\" data-blockId=\"1\" data-type=\"fw-radio\" data-required=\"true\">\n\t\t\t\t\t\t\t\t<span class=\"msf-h3\">Ich habe die Datenschutzerkl\u00e4rung zur Kenntnis genommen. Ich stimme zu, dass meine Angaben und Daten zur Beantwortung meiner Anfrage elektronisch erhoben und gespeichert werden. Datenschutzerkl\u00e4rung lesen: https:\/\/www.prudentes.de\/datenschutz<\/span>\n\t\t\t\t\t<br>\n\t\t\t\t\t\t\t\t\t\t<span class=\"fw-choice fw-radio-row\">\n\t\t\t\t\t\t<input id=\"fw-1-2-0-0-1\" type=\"radio\" name=\"fw-1-2-0-0\" class=\"fw-radio\" data-id=\"1\">\n\t\t\t\t\t\t<label for=\"fw-1-2-0-0-1\" data-labelId=\"1\">Ja<\/label>\n\t\t\t\t\t<\/span>\n\t\t\t\t\t\t\t<\/div>\n\t\t\t\t\t\t<\/div>\n<\/div>\n\t\t\t                        <div class=\"fw-summary-container\">\n                            <button type=\"button\" class=\"fw-toggle-summary\">SHOW SUMMARY<\/button>\n                            <div id=\"wizard-summary\" class=\"fw-wizard-summary\" style=\"display:none;\" data-showsummary=\"on\">\n                            <div class=\"fw-summary-alert\">Some required Fields are empty<br>Please check the highlighted fields.<\/div>\n                            <\/div>\n                        <\/div>\n                                            <button type=\"button\" class=\"fw-btn-submit\">Submit<\/button>\n                                <div class=\"fw-clearfix\"><\/div>\n            <\/div>\n                    <\/div>\n    <\/div>\n        <div class=\"fw-wizard-button-container\">\n        <div class=\"fw-container\">\n            <div class=\"fw-wizard-buttons\">\n                <button class=\"fw-button-previous\"><i class=\"fa fa-arrow-circle-left\" aria-hidden=\"true\"><\/i> &nbsp;Previous Step<\/button>\n                <button class=\"fw-button-next\">Next Step &nbsp;<i class=\"fa fa-arrow-circle-right\" aria-hidden=\"true\"><\/i><\/button>\n            <\/div>\n        <\/div>\n    <\/div>\n        <div class=\"fw-alert-user\" style=\"display:none;\"><\/div>\n<\/div>\n[\/et_pb_code][\/et_pb_column][\/et_pb_row][\/et_pb_section]<\/p>\n","protected":false},"excerpt":{"rendered":"<p>Jetzt bewer\u00adben Wer\u00adde ein Teil von Prudentes<\/p><div id=\"multi-step-form\" class=\"fw-wizard\" data-stepcount=\"3\" data-wizardid=\"1\">\n    <div class=\"fw-wizard-step-header-container\">\n        <div class=\"fw-container\" data-redirect>\n                <div class=\"fw-wizard-step-header\" data-stepid=\"0\">\n            <span class=\"msf-h2\"><\/span>\n            <p class=\"fw-copytext\"><\/p>\n        <\/div>\n                <div class=\"fw-wizard-step-header\" data-stepid=\"1\">\n            <span class=\"msf-h2\"><\/span>\n            <p class=\"fw-copytext\"><\/p>\n        <\/div>\n                <div class=\"fw-wizard-step-header\" data-stepid=\"2\">\n            <span class=\"msf-h2\"><\/span>\n            <p class=\"fw-copytext\"><\/p>\n        <\/div>\n                <\/div>\n    <\/div>\n    <div class=\"fw-progress-bar-container\">\n        <div class=\"fw-container\">\n    <div class=\"fw-progress-wrap\">\n    <ul class=\"fw-progress-bar\" data-activecolor=\"#c00000\" data-donecolor=\"#a00000\" data-nextcolor=\"#aaa\" data-buttoncolor=\"#c00000\">\n                <li class=\"fw-progress-step\" data-id=\"0\">\n            <span class=\"fw-progress-bar-bar\"><\/span>\n            <span class=\"fw-txt-ellipsis\" data-title=\"Step 1\">Step 1<\/span>\n                    <\/li>\n                    <li class=\"fw-progress-step\" data-id=\"1\">\n            <span class=\"fw-progress-bar-bar\"><\/span>\n            <span class=\"fw-txt-ellipsis\" data-title=\"Step 2\">Step 2<\/span>\n                    <\/li>\n                    <li class=\"fw-progress-step\" data-id=\"2\">\n            <span class=\"fw-progress-bar-bar\"><\/span>\n            <span class=\"fw-txt-ellipsis\" data-title=\"Step 3\">Step 3<\/span>\n                    <\/li>\n                <\/ul>\n<\/div>\n        <\/div>\n    <\/div>\n    <div class=\"fw-wizard-step-container\">\n        <div class=\"fw-container\">\n                    <div class=\"fw-wizard-step\" data-stepid=\"0\">\n                <div class=\"fw-step-part\" data-partid=\"0\">\n\t<span class=\"fw-step-part-title\">\n\t\t\tApp\u00adly&nbsp;now!&nbsp;<\/span>\n\t<div class=\"fw-clearfix\"><\/div>\n\t<div class=\"fw-step-part-body\">\n\t\t\t\t\t\t\t\t\t<div class=\"fw-step-block\" data-blockid=\"1\" data-type=\"fw-text\" data-required=\"true\">\n\t\t\t<div class=\"fw-input-container\">\n\t\t\t\t<label for=\"msf-text-vor--&amp;-nachname\"><span class=\"msf-h3\">Vor- &amp; Nachname<\/span><\/label>\n\t\t\t\t<input type=\"text\" class=\"fw-text-input\" id=\"msf-text-vor--&amp;-nachname\" data-id=\"text\">\n\t\t\t\t<span class=\"fa fa-pencil form-control-feedback\" aria-hidden=\"true\"><\/span>\n\t\t\t<\/div>\n\t\t\t<div class=\"fw-clearfix\"><\/div>\n\t\t<\/div>\n\t\t\t\t\t\t\t\t\t\t\t<div class=\"fw-step-block\" data-blockid=\"1\" data-type=\"fw-radio\" data-required=\"true\">\n\t\t\t\t\t\t\t\t<span class=\"msf-h3\">Gen\u00adder<\/span>\n\t\t\t\t\t<br>\n\t\t\t\t\t\t\t\t\t\t<span class=\"fw-choice fw-radio-row\">\n\t\t\t\t\t\t<input id=\"fw-1-0-0-1-1\" type=\"radio\" name=\"fw-1-0-0-1\" class=\"fw-radio\" data-id=\"1\">\n\t\t\t\t\t\t<label for=\"fw-1-0-0-1-1\" data-labelid=\"1\">M\u00e4nn\u00adlich<\/label>\n\t\t\t\t\t<\/span>\n\t\t\t\t\t\t\t\t\t\t<span class=\"fw-choice fw-radio-row\">\n\t\t\t\t\t\t<input id=\"fw-1-0-0-1-2\" type=\"radio\" name=\"fw-1-0-0-1\" class=\"fw-radio\" data-id=\"2\">\n\t\t\t\t\t\t<label for=\"fw-1-0-0-1-2\" data-labelid=\"2\">Weib\u00adlich<\/label>\n\t\t\t\t\t<\/span>\n\t\t\t\t\t\t\t\t\t\t<span class=\"fw-choice fw-radio-row\">\n\t\t\t\t\t\t<input id=\"fw-1-0-0-1-3\" type=\"radio\" name=\"fw-1-0-0-1\" class=\"fw-radio\" data-id=\"3\">\n\t\t\t\t\t\t<label for=\"fw-1-0-0-1-3\" data-labelid=\"3\">Divers<\/label>\n\t\t\t\t\t<\/span>\n\t\t\t\t\t\t\t<\/div>\n\t\t\t\t\t\t\t\t\t\t\t<div class=\"fw-step-block\" data-blockid=\"1\" data-type=\"fw-email\" data-required=\"true\">\n\t\t\t<div class=\"fw-input-container\">\n\t\t\t\t<label for=\"msf-mail-e-mail\"><span class=\"msf-h3\">E\u2011Mail<\/span><\/label>\n\t\t\t\t<input type=\"text\" id=\"msf-mail-e-mail\" class=\"fw-text-input one\" data-id=\"email\">\n\t\t\t\t<span class=\"fa fa-envelope form-control-feedback\" aria-hidden=\"true\"><\/span>\n\t\t\t<\/div>\n\t\t\t\t\t\t<div class=\"fw-clearfix\"><\/div>\n\t\t<\/div>\n\t  \t\t\t\t<\/div>\n<\/div>\n\t\t\t                <div class=\"fw-clearfix\"><\/div>\n            <\/div>\n                        <div class=\"fw-wizard-step\" data-stepid=\"1\">\n                <div class=\"fw-step-part\" data-partid=\"0\">\n\t<span class=\"fw-step-part-title\">\n\t\t\tYour appli\u00adca\u00adti\u00adon documents&nbsp;<\/span>\n\t<div class=\"fw-clearfix\"><\/div>\n\t<div class=\"fw-step-part-body\">\n\t\t\t\t\t\t\t\t\t<div class=\"fw-step-block\" data-blockid=\"1\" data-type=\"fw-paragraph\">\n\t\t\t<div class=\"fw-paragraph-container\">\n\t\t\t\tBit\u00adte laden Sie Ihre Bewer\u00adbungs\u00adun\u00adter\u00adla\u00adgen als PDF hoch.\nDie Datei\u00adgr\u00f6\u00ad\u00dfe darf 512 MB nicht \u00fcberschreiten!&nbsp;<\/div>\n\t\t\t<div class=\"fw-clearfix\"><\/div>\n\t\t<\/div>\n\t\t\t\t\t\t\t\t\t\t\t<div class=\"fw-step-block\" data-blockid=\"1\" data-type=\"fw-file\" data-required=\"true\">\n\t\t\t<div class=\"fw-input-container\">\n\t\t\t\t<span class=\"msf-h3\">Cover let\u00adter<\/span>\n\t\t\t\t<input type=\"file\" name=\"fw-1-1-0-1\" id=\"fw-1-1-0-1\" class=\"fw-file-upload-input\">\n\t\t\t\t<label class=\"fw-btn fw-button-fileupload\" for=\"fw-1-1-0-1\"><i class=\"fa fa-upload fw-file-upload-status\" aria-hidden=\"true\"><\/i><span>Choo\u00adse a&nbsp;file<\/span><\/label>\n\t\t\t\t<p>Max. size: 512.0&nbsp;MB<\/p>\n\t\t\t<\/div>\n\t\t\t<div class=\"fw-clearfix\"><\/div>\n\t\t<\/div>\n\t  \t\t\t\t\t\t\t\t\t<div class=\"fw-step-block\" data-blockid=\"1\" data-type=\"fw-file\" data-required=\"true\">\n\t\t\t<div class=\"fw-input-container\">\n\t\t\t\t<span class=\"msf-h3\">Cur\u00adri\u00adcu\u00adlum&nbsp;vitae<\/span>\n\t\t\t\t<input type=\"file\" name=\"fw-1-1-0-2\" id=\"fw-1-1-0-2\" class=\"fw-file-upload-input\">\n\t\t\t\t<label class=\"fw-btn fw-button-fileupload\" for=\"fw-1-1-0-2\"><i class=\"fa fa-upload fw-file-upload-status\" aria-hidden=\"true\"><\/i><span>Choo\u00adse a&nbsp;file<\/span><\/label>\n\t\t\t\t<p>Max. size: 512.0&nbsp;MB<\/p>\n\t\t\t<\/div>\n\t\t\t<div class=\"fw-clearfix\"><\/div>\n\t\t<\/div>\n\t  \t\t\t\t\t\t\t\t\t<div class=\"fw-step-block\" data-blockid=\"1\" data-type=\"fw-file\" data-required=\"false\">\n\t\t\t<div class=\"fw-input-container\">\n\t\t\t\t<span class=\"msf-h3\">Tes\u00adti\u00admo\u00adni\u00adals and certificates<\/span>\n\t\t\t\t<input type=\"file\" name=\"fw-1-1-0-3\" id=\"fw-1-1-0-3\" class=\"fw-file-upload-input\">\n\t\t\t\t<label class=\"fw-btn fw-button-fileupload\" for=\"fw-1-1-0-3\"><i class=\"fa fa-upload fw-file-upload-status\" aria-hidden=\"true\"><\/i><span>Choo\u00adse a&nbsp;file<\/span><\/label>\n\t\t\t\t<p>Max. size: 512.0&nbsp;MB<\/p>\n\t\t\t<\/div>\n\t\t\t<div class=\"fw-clearfix\"><\/div>\n\t\t<\/div>\n\t  \t\t\t\t<\/div>\n<\/div>\n\t\t\t                <div class=\"fw-clearfix\"><\/div>\n            <\/div>\n                        <div class=\"fw-wizard-step\" data-stepid=\"2\">\n                <div class=\"fw-step-part\" data-partid=\"0\">\n\t<span class=\"fw-step-part-title\">\n\t\t\tAlmost ready!&nbsp;<\/span>\n\t<div class=\"fw-clearfix\"><\/div>\n\t<div class=\"fw-step-part-body\">\n\t\t\t\t\t\t\t\t\t<div class=\"fw-step-block\" data-blockid=\"1\" data-type=\"fw-radio\" data-required=\"true\">\n\t\t\t\t\t\t\t\t<span class=\"msf-h3\">I have taken note of the pri\u00adva\u00adcy poli\u00adcy. I agree that my infor\u00adma\u00adti\u00adon and data will be coll\u00adec\u00adted and stored elec\u00adtro\u00adni\u00adcal\u00adly to ans\u00adwer my request. Read pri\u00adva\u00adcy poli\u00adcy: https:\/\/www.prudentes.de\/datenschutz<\/span>\n\t\t\t\t\t<br>\n\t\t\t\t\t\t\t\t\t\t<span class=\"fw-choice fw-radio-row\">\n\t\t\t\t\t\t<input id=\"fw-1-2-0-0-1\" type=\"radio\" name=\"fw-1-2-0-0\" class=\"fw-radio\" data-id=\"1\">\n\t\t\t\t\t\t<label for=\"fw-1-2-0-0-1\" data-labelid=\"1\">Yes<\/label>\n\t\t\t\t\t<\/span>\n\t\t\t\t\t\t\t<\/div>\n\t\t\t\t\t\t<\/div>\n<\/div>\n\t\t\t                        <div class=\"fw-summary-container\">\n                            <button type=\"button\" class=\"fw-toggle-summary\">SHOW SUMMARY<\/button>\n                            <div id=\"wizard-summary\" class=\"fw-wizard-summary\" style=\"display:none;\" data-showsummary=\"on\">\n                            <div class=\"fw-summary-alert\">Some requi\u00adred Fields are emp\u00adty<br>Plea\u00adse check the high\u00adligh\u00adted fields.<\/div>\n                            <\/div>\n                        <\/div>\n                                            <button type=\"button\" class=\"fw-btn-submit\">Submit<\/button>\n                                <div class=\"fw-clearfix\"><\/div>\n            <\/div>\n                    <\/div>\n    <\/div>\n        <div class=\"fw-wizard-button-container\">\n        <div class=\"fw-container\">\n            <div class=\"fw-wizard-buttons\">\n                <button class=\"fw-button-previous\"><i class=\"fa fa-arrow-circle-left\" aria-hidden=\"true\"><\/i> &nbsp;Previous Step<\/button>\n                <button class=\"fw-button-next\">Next Step &nbsp;<i class=\"fa fa-arrow-circle-right\" aria-hidden=\"true\"><\/i><\/button>\n            <\/div>\n        <\/div>\n    <\/div>\n        <div class=\"fw-alert-user\" style=\"display:none;\"><\/div>\n<\/div>\n","protected":false},"author":1,"featured_media":0,"parent":0,"menu_order":0,"comment_status":"closed","ping_status":"closed","template":"","meta":{"_et_pb_use_builder":"on","_et_pb_old_content":"","_et_gb_content_width":"","wp_typography_post_enhancements_disabled":false,"footnotes":""},"class_list":["post-515","page","type-page","status-publish","hentry"],"yoast_head":"<!-- This site is optimized with the Yoast SEO plugin v27.6 - https:\/\/yoast.com\/product\/yoast-seo-wordpress\/ -->\n<title>Bewerbung - Prudentes<\/title>\n<meta name=\"robots\" content=\"index, follow, max-snippet:-1, max-image-preview:large, max-video-preview:-1\" \/>\n<link rel=\"canonical\" href=\"https:\/\/www.prudentes.de\/en\/bewerbung\/\" \/>\n<meta property=\"og:locale\" content=\"en_US\" \/>\n<meta property=\"og:type\" content=\"article\" \/>\n<meta property=\"og:title\" content=\"Bewerbung - Prudentes\" \/>\n<meta property=\"og:description\" content=\"Jetzt bewerben Werde ein Teil von Prudentes\" \/>\n<meta property=\"og:url\" content=\"https:\/\/www.prudentes.de\/en\/bewerbung\/\" \/>\n<meta property=\"og:site_name\" content=\"Prudentes\" \/>\n<meta property=\"article:modified_time\" content=\"2022-10-20T15:45:39+00:00\" \/>\n<meta name=\"twitter:card\" content=\"summary_large_image\" \/>\n<meta name=\"twitter:label1\" content=\"Est. reading time\" \/>\n\t<meta name=\"twitter:data1\" content=\"1 minute\" \/>\n<script type=\"application\/ld+json\" class=\"yoast-schema-graph\">{\"@context\":\"https:\\\/\\\/schema.org\",\"@graph\":[{\"@type\":\"WebPage\",\"@id\":\"https:\\\/\\\/www.prudentes.de\\\/bewerbung\",\"url\":\"https:\\\/\\\/www.prudentes.de\\\/bewerbung\",\"name\":\"Bewerbung - Prudentes\",\"isPartOf\":{\"@id\":\"https:\\\/\\\/www.prudentes.de\\\/#website\"},\"datePublished\":\"2021-08-27T14:29:26+00:00\",\"dateModified\":\"2022-10-20T15:45:39+00:00\",\"breadcrumb\":{\"@id\":\"https:\\\/\\\/www.prudentes.de\\\/bewerbung#breadcrumb\"},\"inLanguage\":\"en-US\",\"potentialAction\":[{\"@type\":\"ReadAction\",\"target\":[\"https:\\\/\\\/www.prudentes.de\\\/bewerbung\"]}]},{\"@type\":\"BreadcrumbList\",\"@id\":\"https:\\\/\\\/www.prudentes.de\\\/bewerbung#breadcrumb\",\"itemListElement\":[{\"@type\":\"ListItem\",\"position\":1,\"name\":\"Startseite\",\"item\":\"https:\\\/\\\/www.prudentes.de\\\/\"},{\"@type\":\"ListItem\",\"position\":2,\"name\":\"Bewerbung\"}]},{\"@type\":\"WebSite\",\"@id\":\"https:\\\/\\\/www.prudentes.de\\\/#website\",\"url\":\"https:\\\/\\\/www.prudentes.de\\\/\",\"name\":\"Prudentes\",\"description\":\"Prudentes Management GmbH\",\"potentialAction\":[{\"@type\":\"SearchAction\",\"target\":{\"@type\":\"EntryPoint\",\"urlTemplate\":\"https:\\\/\\\/www.prudentes.de\\\/?s={search_term_string}\"},\"query-input\":{\"@type\":\"PropertyValueSpecification\",\"valueRequired\":true,\"valueName\":\"search_term_string\"}}],\"inLanguage\":\"en-US\"}]}<\/script>\n<!-- \/ Yoast SEO plugin. -->","yoast_head_json":{"title":"Bewer\u00adbung \u2014 Prudentes","robots":{"index":"index","follow":"follow","max-snippet":"max-snippet:-1","max-image-preview":"max-image-preview:large","max-video-preview":"max-video-preview:-1"},"canonical":"https:\/\/www.prudentes.de\/en\/bewerbung\/","og_locale":"en_US","og_type":"article","og_title":"Bewerbung - Prudentes","og_description":"Jetzt bewerben Werde ein Teil von Prudentes","og_url":"https:\/\/www.prudentes.de\/en\/bewerbung\/","og_site_name":"Prudentes","article_modified_time":"2022-10-20T15:45:39+00:00","twitter_card":"summary_large_image","twitter_misc":{"Est. reading time":"1 minute"},"schema":{"@context":"https:\/\/schema.org","@graph":[{"@type":"WebPage","@id":"https:\/\/www.prudentes.de\/bewerbung","url":"https:\/\/www.prudentes.de\/bewerbung","name":"Bewer\u00adbung \u2014 Prudentes","isPartOf":{"@id":"https:\/\/www.prudentes.de\/#website"},"datePublished":"2021-08-27T14:29:26+00:00","dateModified":"2022-10-20T15:45:39+00:00","breadcrumb":{"@id":"https:\/\/www.prudentes.de\/bewerbung#breadcrumb"},"inLanguage":"en-US","potentialAction":[{"@type":"ReadAction","target":["https:\/\/www.prudentes.de\/bewerbung"]}]},{"@type":"BreadcrumbList","@id":"https:\/\/www.prudentes.de\/bewerbung#breadcrumb","itemListElement":[{"@type":"ListItem","position":1,"name":"Startseite","item":"https:\/\/www.prudentes.de\/"},{"@type":"ListItem","position":2,"name":"Bewerbung"}]},{"@type":"WebSite","@id":"https:\/\/www.prudentes.de\/#website","url":"https:\/\/www.prudentes.de\/","name":"Pru\u00adden\u00adtes","description":"Pru\u00adden\u00adtes Manage\u00adment&nbsp;GmbH","potentialAction":[{"@type":"SearchAction","target":{"@type":"EntryPoint","urlTemplate":"https:\/\/www.prudentes.de\/?s={search_term_string}"},"query-input":{"@type":"PropertyValueSpecification","valueRequired":true,"valueName":"search_term_string"}}],"inLanguage":"en-US"}]}},"_links":{"self":[{"href":"https:\/\/www.prudentes.de\/en\/wp-json\/wp\/v2\/pages\/515","targetHints":{"allow":["GET"]}}],"collection":[{"href":"https:\/\/www.prudentes.de\/en\/wp-json\/wp\/v2\/pages"}],"about":[{"href":"https:\/\/www.prudentes.de\/en\/wp-json\/wp\/v2\/types\/page"}],"author":[{"embeddable":true,"href":"https:\/\/www.prudentes.de\/en\/wp-json\/wp\/v2\/users\/1"}],"replies":[{"embeddable":true,"href":"https:\/\/www.prudentes.de\/en\/wp-json\/wp\/v2\/comments?post=515"}],"version-history":[{"count":12,"href":"https:\/\/www.prudentes.de\/en\/wp-json\/wp\/v2\/pages\/515\/revisions"}],"predecessor-version":[{"id":3410,"href":"https:\/\/www.prudentes.de\/en\/wp-json\/wp\/v2\/pages\/515\/revisions\/3410"}],"wp:attachment":[{"href":"https:\/\/www.prudentes.de\/en\/wp-json\/wp\/v2\/media?parent=515"}],"curies":[{"name":"wp","href":"https:\/\/api.w.org\/{rel}","templated":true}]}}