{"id":3245,"date":"2023-12-16T11:46:47","date_gmt":"2023-12-16T11:46:47","guid":{"rendered":"https:\/\/www.prudentes.de\/?page_id=3245"},"modified":"2023-12-16T16:00:04","modified_gmt":"2023-12-16T16:00:04","slug":"amortisationsrechner","status":"publish","type":"page","link":"https:\/\/www.prudentes.de\/en\/amortisationsrechner","title":{"rendered":"Amor\u00adti\u00adsa\u00adti\u00adons\u00adrech\u00adner"},"content":{"rendered":"<p>[et_pb_section fb_built=\"1\" _builder_version=\"4.23.1\" _module_preset=\"default\" use_background_color_gradient=\"on\" background_color_gradient_direction=\"1deg\" background_color_gradient_stops=\"#c00000 13%|rgba(255,255,255,0) 100%\" background_color_gradient_overlays_image=\"on\" background_image=\"https:\/\/www.prudentes.de\/wp-content\/uploads\/2023\/12\/scaled.jpg\" width=\"100%\" max_width=\"100%\" height=\"360px\" custom_margin=\"95px||||false|false\" global_colors_info=\"{}\"][et_pb_row column_structure=\"2_3,1_3\" _builder_version=\"4.23.1\" _module_preset=\"default\" global_colors_info=\"{}\"][et_pb_column type=\"2_3\" _builder_version=\"4.23.1\" _module_preset=\"default\" global_colors_info=\"{}\"][et_pb_text _builder_version=\"4.23.1\" _module_preset=\"default\" text_text_color=\"#FFFFFF\" text_font_size=\"18px\" header_font=\"|700|||||||\" header_text_align=\"center\" header_text_color=\"#FFFFFF\" header_font_size=\"50px\" custom_margin=\"50px||||false|false\" global_colors_info=\"{}\"]<\/p>\n<h1 style=\"text-align: center;\">Amortisationsrechner<em><\/em><\/h1>\n<p>[\/et_pb_text][\/et_pb_column][et_pb_column type=\"1_3\" _builder_version=\"4.23.1\" _module_preset=\"default\" global_colors_info=\"{}\"][et_pb_image src=\"https:\/\/www.prudentes.de\/wp-content\/uploads\/2023\/12\/ZW4.0_Logo_RGB_no_underline_no_hyphen_RZ-removebg-preview.png\" title_text=\"ZW4.0_Logo_RGB_no_underline_no_hyphen_RZ-removebg-preview\" _builder_version=\"4.23.1\" _module_preset=\"default\" global_colors_info=\"{}\"][\/et_pb_image][\/et_pb_column][\/et_pb_row][\/et_pb_section][et_pb_section fb_built=\"1\" _builder_version=\"4.23.1\" _module_preset=\"default\" top_divider_style=\"mountains2\" top_divider_color=\"#C00000\" global_colors_info=\"{}\"][et_pb_row _builder_version=\"4.23.1\" _module_preset=\"default\" width=\"100%\" max_width=\"100%\" hover_enabled=\"0\" sticky_enabled=\"0\"][et_pb_column _builder_version=\"4.23.1\" _module_preset=\"default\" type=\"4_4\"][et_pb_blurb _builder_version=\"4.23.1\" _module_preset=\"default\" content_max_width=\"100%\" module_alignment=\"center\" text_orientation=\"center\" background_color=\"#D8D8D8\" body_font=\"|800|||||||\" hover_enabled=\"0\" sticky_enabled=\"0\" height=\"30px\" body_text_align=\"center\" custom_margin=\"||||false|false\"]<\/p>\n<p>Die Datenbank dieses Amortisationsrechners befindet sich noch im Aufbau und wird sukzessive um die neuesten Technologien erweitert.<\/p>\n<p>[\/et_pb_blurb][\/et_pb_column][\/et_pb_row][\/et_pb_section][et_pb_section fb_built=\"1\" _builder_version=\"4.23.1\" _module_preset=\"default\" global_colors_info=\"{}\"][et_pb_row _builder_version=\"4.23.1\" _module_preset=\"default\" global_colors_info=\"{}\"][et_pb_column type=\"4_4\" _builder_version=\"4.23.1\" _module_preset=\"default\" global_colors_info=\"{}\"][et_pb_heading title=\"Prudentes Amortisationsrechner\" admin_label=\"\u00dcberschrift H3\" _builder_version=\"4.23.1\" _module_preset=\"default\" title_level=\"h3\" global_colors_info=\"{}\"][\/et_pb_heading][et_pb_text admin_label=\"InfoText\" _builder_version=\"4.23.1\" _module_preset=\"default\" global_colors_info=\"{}\"]<\/p>\n<p style=\"font-weight: 400;\">Diese Anwendung erm\u00f6glicht es Ihnen, die ausgew\u00e4hlte Innovation der Zukunftswerkstatt 4.0 f\u00fcr Ihr Autohaus zu kalkulieren.<\/p>\n<p style=\"font-weight: 400;\">Bitte passen Sie hierzu in den anstehenden Feldern Ihre Annahmen an. Nachdem Sie auf \u201eBerechnen\u201c geklickt haben, werden die Kennzahlen durch einen Algorithmus, der auch die Stammdaten des Anbieters miteinbezieht, berechnet. Viel Spa\u00df beim Kalkulieren!<\/p>\n<p style=\"font-weight: 400;\">Bei Innovationen, die keine Amortisationsberechnung aufgrund unzureichender Parameter erm\u00f6glichen, sehen Sie lediglich die relevanten Kosten dargestellt.<\/p>\n<p>[\/et_pb_text][et_pb_code _builder_version=\"4.23.1\" _module_preset=\"default\" global_colors_info=\"{}\"]\n<!DOCTYPE html>\n<html lang=\"en\">\n\n<head>\n    <meta charset=\"UTF-8\" \/>\n    <meta name=\"viewport\" content=\"width=device-width, initial-scale=1.0\" \/>\n    <link rel=\"stylesheet\" href=\"https:\/\/cdn.jsdelivr.net\/npm\/bootstrap-icons@1.11.2\/font\/bootstrap-icons.min.css\">\n    <title>Amortisationsrechner<\/title>\n<\/head>\n\n<body>\n    <div class=\"container-lg\">\n        <div class=\"mt-5 row\">\n            <form class=\"needs-validation\" novalidate>\n                <div class=\"row\">\n                    <div class=\"col-12\">\n                                                    <select id=\"service-selection\" class=\"form-select\" aria-label=\"Default select example\" required>\n                                <option selected disabled value=\"\">Bitte Auswahl treffen<\/option>\n                            <\/select>\n                                            <\/div>\n                <\/div>\n\n                <!-- Inputs -->\n                <div id=\"inputfields\">\n                    <div class=\"row mt-3\">\n                        <div class=\"col-sm-4\">\n                            <label for=\"application_per_week\" class=\"form-label\">\n                                Anzahl Anwendungen pro Woche (\u2300)\n                            <\/label>\n                            <input type=\"number\" step=\"1\" class=\"form-control\" id=\"application_per_week\" value=\"10\" name=\"application_per_week\" required>\n                            <div class=\"invalid-feedback\">\n                                Bitte Wert eingeben\n                            <\/div>\n                        <\/div>\n                        <div class=\"col-sm-4\">\n                            <label for=\"sales_per_month\" class=\"form-label\">\n                                Umsatz im Anwendungsbereich pro Monat, in \u20ac (\u2300)\n                            <\/label>\n                            <input type=\"number\" step=\"100\" class=\"form-control\" id=\"sales_per_month\" value=\"2500\" name=\"sales_per_month\" required>\n                            <div class=\"invalid-feedback\">\n                                Bitte Wert eingeben\n                            <\/div>\n                        <\/div>\n                        <div class=\"col-sm-4\">\n                            <label for=\"employee_per_application\" class=\"form-label\">\n                                Anzahl Mitarbeiter im Anwendungsbereich (ca.)\n                            <\/label>\n                            <input type=\"number\" step=\"0.50\" class=\"form-control\" id=\"employee_per_application\" value=\"3.0\" name=\"employee_per_application\" required>\n                            <div class=\"invalid-feedback\">\n                                Bitte Wert eingeben\n                            <\/div>\n                        <\/div>\n                    <\/div>\n                <\/div>\n\n                <div class=\"row\">\n                    <div class=\"col-auto\">\n                        <button id=\"submit\" class=\"btn btn-danger my-3\">Berechnen<\/button>\n                    <\/div>\n                <\/div>\n            <\/form>\n\n\n            <!-- Chart -->\n            <div class=\"mt-5 chart-wrapper d-none\">\n                <div class=\"row\">\n                    <h4>Anbieter Informationen<\/h4>\n                    <p id=\"info-company\"><\/p>\n                <\/div>\n\n                <!-- Nur bei mit Salse Increase-->\n                <div class=\"infos-salesincrease d-none\">\n                    <div class=\"mt-5 row\">\n                        <label for=\"roi-satz\" class=\"col-sm-3 col-form-label\">Kosten-Umsatz-Relation\n                            <i class=\"bi bi-question-circle-fill\" data-bs-toggle=\"tooltip\" data-bs-placement=\"top\" title=\"Verh\u00e4ltnis aus Absatzsteigerung zu fixen und laufenden Kosten\">\n                            <\/i>\n                        <\/label>\n                        <div class=\"col-sm-3\">\n                            <input type=\"text\" readonly class=\"form-control-plaintext\" id=\"roi-satz\" value=\"38%\">\n                        <\/div>\n                        <label for=\"amortisation-zeit\" class=\"col-sm-3 col-form-label\">Amortisationszeit in Monaten<\/label>\n                        <div class=\"col-sm-3\">\n                            <input type=\"text\" readonly class=\"form-control-plaintext\" id=\"amortisation-zeit\" value=\"8\">\n                        <\/div>\n                    <\/div>\n                    <div class=\"row\">\n                        <label for=\"kosten-nichtshandeln\" class=\"col-sm-3 col-form-label\">Monatliche Kosten des Nichthandelns<\/label>\n                        <div class=\"col-sm-3\">\n                            <input type=\"text\" readonly class=\"form-control-plaintext\" id=\"kosten-nichtshandeln\" value=\"3.410,00 \u20ac\">\n                        <\/div>\n                        <label for=\"kostendeckung-anwendung\" class=\"col-sm-3 col-form-label\">Kostendeckend ab Anzahl Anwendungen<\/label>\n                        <div class=\"col-sm-3\">\n                            <input type=\"text\" readonly class=\"form-control-plaintext\" id=\"kostendeckung-anwendung\" value=\"348\">\n                        <\/div>\n                    <\/div>\n                <\/div>\n                <!-- Nur bei mit Salse Increase-->\n\n                <div class=\"mt-5 row justify-content-center\">\n                    <label id=\"kosten-monat-label\" for=\"kosten-monat\" class=\"col-sm-2 col-form-label\">Kosten\/Monat<\/label>\n                    <div class=\"col-sm-2\">\n                        <input type=\"text\" readonly class=\"form-control-plaintext\" id=\"kosten-monat\" value=\"43,34 \u20ac\">\n                    <\/div>\n                    <label id=\"ersparnis-monat-label\" for=\"ersparnis-monat\" class=\"col-sm-2 col-form-label\">Ersparnis\/Monat<\/label>\n                    <div class=\"col-sm-2\">\n                        <input type=\"text\" readonly class=\"form-control-plaintext\" id=\"ersparnis-monat\" value=\"2610,00 \u20ac\">\n                    <\/div>\n                    <label id=\"absatzsteigerung-monat-label\" for=\"absatzsteigerung-monat\" class=\"col-sm-2 col-form-label\">Absatzsteigerung\/Monat<\/label>\n                    <div class=\"col-sm-2\">\n                        <input type=\"text\" readonly class=\"form-control-plaintext\" id=\"absatzsteigerung-monat\" value=\"800,34 \u20ac\">\n                    <\/div>\n                <\/div>\n                <canvas id=\"chart\" class=\"mt-3\">\n                <\/canvas>\n                <div class=\"mt-5 row\">\n                    <h4>Generelle Informationen<\/h4>\n                    <p id=\"info-general\"><\/p>\n                <\/div>\n                <div class=\"mt-3 row\">\n                    <h4>Annahmen<\/h4>\n                    <p id=\"info-assumption\"><\/p>\n                <\/div>\n            <\/div>\n\n        <\/div>\n<\/body>\n\n<\/html>[\/et_pb_code][\/et_pb_column][\/et_pb_row][\/et_pb_section]<\/p>\n","protected":false},"excerpt":{"rendered":"<p>AmortisationsrechnerDie Datenbank dieses Amortisationsrechners befindet sich noch im Aufbau und wird sukzessive um die neuesten Technologien erweitert.Diese Anwendung erm\u00f6glicht es Ihnen, die ausgew\u00e4hlte Innovation der Zukunftswerkstatt 4.0 f\u00fcr Ihr Autohaus zu kalkulieren. Bitte passen Sie hierzu in den anstehenden Feldern Ihre Annahmen an. Nachdem Sie auf \u201eBerechnen\u201c geklickt haben, werden die Kennzahlen durch einen Algorithmus, [&hellip;]<\/p>\n","protected":false},"author":1,"featured_media":0,"parent":0,"menu_order":0,"comment_status":"closed","ping_status":"closed","template":"","meta":{"_et_pb_use_builder":"on","_et_pb_old_content":"","_et_gb_content_width":"","wp_typography_post_enhancements_disabled":false,"footnotes":""},"class_list":["post-3245","page","type-page","status-publish","hentry"],"yoast_head":"<!-- This site is optimized with the Yoast SEO plugin v27.5 - https:\/\/yoast.com\/product\/yoast-seo-wordpress\/ -->\n<title>Amortisationsrechner - Prudentes<\/title>\n<meta name=\"robots\" content=\"index, follow, max-snippet:-1, max-image-preview:large, max-video-preview:-1\" \/>\n<link rel=\"canonical\" href=\"https:\/\/www.prudentes.de\/en\/amortisationsrechner\/\" \/>\n<meta property=\"og:locale\" content=\"en_US\" \/>\n<meta property=\"og:type\" content=\"article\" \/>\n<meta property=\"og:title\" content=\"Amortisationsrechner - Prudentes\" \/>\n<meta property=\"og:description\" content=\"AmortisationsrechnerDie Datenbank dieses Amortisationsrechners befindet sich noch im Aufbau und wird sukzessive um die neuesten Technologien erweitert.Diese Anwendung erm\u00f6glicht es Ihnen, die ausgew\u00e4hlte Innovation der Zukunftswerkstatt 4.0 f\u00fcr Ihr Autohaus zu kalkulieren. Bitte passen Sie hierzu in den anstehenden Feldern Ihre Annahmen an. Nachdem Sie auf \u201eBerechnen\u201c geklickt haben, werden die Kennzahlen durch einen Algorithmus, [&hellip;]\" \/>\n<meta property=\"og:url\" content=\"https:\/\/www.prudentes.de\/en\/amortisationsrechner\/\" \/>\n<meta property=\"og:site_name\" content=\"Prudentes\" \/>\n<meta property=\"article:modified_time\" content=\"2023-12-16T16:00:04+00:00\" \/>\n<meta name=\"twitter:card\" content=\"summary_large_image\" \/>\n<meta name=\"twitter:label1\" content=\"Est. reading time\" \/>\n\t<meta name=\"twitter:data1\" content=\"1 minute\" \/>\n<script type=\"application\/ld+json\" class=\"yoast-schema-graph\">{\"@context\":\"https:\\\/\\\/schema.org\",\"@graph\":[{\"@type\":\"WebPage\",\"@id\":\"https:\\\/\\\/www.prudentes.de\\\/amortisationsrechner\",\"url\":\"https:\\\/\\\/www.prudentes.de\\\/amortisationsrechner\",\"name\":\"Amortisationsrechner - Prudentes\",\"isPartOf\":{\"@id\":\"https:\\\/\\\/www.prudentes.de\\\/#website\"},\"datePublished\":\"2023-12-16T11:46:47+00:00\",\"dateModified\":\"2023-12-16T16:00:04+00:00\",\"breadcrumb\":{\"@id\":\"https:\\\/\\\/www.prudentes.de\\\/amortisationsrechner#breadcrumb\"},\"inLanguage\":\"en-US\",\"potentialAction\":[{\"@type\":\"ReadAction\",\"target\":[\"https:\\\/\\\/www.prudentes.de\\\/amortisationsrechner\"]}]},{\"@type\":\"BreadcrumbList\",\"@id\":\"https:\\\/\\\/www.prudentes.de\\\/amortisationsrechner#breadcrumb\",\"itemListElement\":[{\"@type\":\"ListItem\",\"position\":1,\"name\":\"Startseite\",\"item\":\"https:\\\/\\\/www.prudentes.de\\\/\"},{\"@type\":\"ListItem\",\"position\":2,\"name\":\"Amortisationsrechner\"}]},{\"@type\":\"WebSite\",\"@id\":\"https:\\\/\\\/www.prudentes.de\\\/#website\",\"url\":\"https:\\\/\\\/www.prudentes.de\\\/\",\"name\":\"Prudentes\",\"description\":\"Prudentes Management GmbH\",\"potentialAction\":[{\"@type\":\"SearchAction\",\"target\":{\"@type\":\"EntryPoint\",\"urlTemplate\":\"https:\\\/\\\/www.prudentes.de\\\/?s={search_term_string}\"},\"query-input\":{\"@type\":\"PropertyValueSpecification\",\"valueRequired\":true,\"valueName\":\"search_term_string\"}}],\"inLanguage\":\"en-US\"}]}<\/script>\n<!-- \/ Yoast SEO plugin. -->","yoast_head_json":{"title":"Amor\u00adti\u00adsa\u00adti\u00adons\u00adrech\u00adner \u2014 Prudentes","robots":{"index":"index","follow":"follow","max-snippet":"max-snippet:-1","max-image-preview":"max-image-preview:large","max-video-preview":"max-video-preview:-1"},"canonical":"https:\/\/www.prudentes.de\/en\/amortisationsrechner\/","og_locale":"en_US","og_type":"article","og_title":"Amortisationsrechner - Prudentes","og_description":"AmortisationsrechnerDie Datenbank dieses Amortisationsrechners befindet sich noch im Aufbau und wird sukzessive um die neuesten Technologien erweitert.Diese Anwendung erm\u00f6glicht es Ihnen, die ausgew\u00e4hlte Innovation der Zukunftswerkstatt 4.0 f\u00fcr Ihr Autohaus zu kalkulieren. Bitte passen Sie hierzu in den anstehenden Feldern Ihre Annahmen an. Nachdem Sie auf \u201eBerechnen\u201c geklickt haben, werden die Kennzahlen durch einen Algorithmus, [&hellip;]","og_url":"https:\/\/www.prudentes.de\/en\/amortisationsrechner\/","og_site_name":"Prudentes","article_modified_time":"2023-12-16T16:00:04+00:00","twitter_card":"summary_large_image","twitter_misc":{"Est. reading time":"1 minute"},"schema":{"@context":"https:\/\/schema.org","@graph":[{"@type":"WebPage","@id":"https:\/\/www.prudentes.de\/amortisationsrechner","url":"https:\/\/www.prudentes.de\/amortisationsrechner","name":"Amor\u00adti\u00adsa\u00adti\u00adons\u00adrech\u00adner \u2014 Prudentes","isPartOf":{"@id":"https:\/\/www.prudentes.de\/#website"},"datePublished":"2023-12-16T11:46:47+00:00","dateModified":"2023-12-16T16:00:04+00:00","breadcrumb":{"@id":"https:\/\/www.prudentes.de\/amortisationsrechner#breadcrumb"},"inLanguage":"en-US","potentialAction":[{"@type":"ReadAction","target":["https:\/\/www.prudentes.de\/amortisationsrechner"]}]},{"@type":"BreadcrumbList","@id":"https:\/\/www.prudentes.de\/amortisationsrechner#breadcrumb","itemListElement":[{"@type":"ListItem","position":1,"name":"Startseite","item":"https:\/\/www.prudentes.de\/"},{"@type":"ListItem","position":2,"name":"Amortisationsrechner"}]},{"@type":"WebSite","@id":"https:\/\/www.prudentes.de\/#website","url":"https:\/\/www.prudentes.de\/","name":"Pru\u00adden\u00adtes","description":"Pru\u00adden\u00adtes Manage\u00adment&nbsp;GmbH","potentialAction":[{"@type":"SearchAction","target":{"@type":"EntryPoint","urlTemplate":"https:\/\/www.prudentes.de\/?s={search_term_string}"},"query-input":{"@type":"PropertyValueSpecification","valueRequired":true,"valueName":"search_term_string"}}],"inLanguage":"en-US"}]}},"_links":{"self":[{"href":"https:\/\/www.prudentes.de\/en\/wp-json\/wp\/v2\/pages\/3245","targetHints":{"allow":["GET"]}}],"collection":[{"href":"https:\/\/www.prudentes.de\/en\/wp-json\/wp\/v2\/pages"}],"about":[{"href":"https:\/\/www.prudentes.de\/en\/wp-json\/wp\/v2\/types\/page"}],"author":[{"embeddable":true,"href":"https:\/\/www.prudentes.de\/en\/wp-json\/wp\/v2\/users\/1"}],"replies":[{"embeddable":true,"href":"https:\/\/www.prudentes.de\/en\/wp-json\/wp\/v2\/comments?post=3245"}],"version-history":[{"count":9,"href":"https:\/\/www.prudentes.de\/en\/wp-json\/wp\/v2\/pages\/3245\/revisions"}],"predecessor-version":[{"id":3266,"href":"https:\/\/www.prudentes.de\/en\/wp-json\/wp\/v2\/pages\/3245\/revisions\/3266"}],"wp:attachment":[{"href":"https:\/\/www.prudentes.de\/en\/wp-json\/wp\/v2\/media?parent=3245"}],"curies":[{"name":"wp","href":"https:\/\/api.w.org\/{rel}","templated":true}]}}