{"id":2225,"date":"2022-01-13T18:30:23","date_gmt":"2022-01-13T18:30:23","guid":{"rendered":"https:\/\/wordpress.prudentes.de\/?page_id=2225"},"modified":"2022-11-24T19:22:37","modified_gmt":"2022-11-24T19:22:37","slug":"unternehmen-veraendern","status":"publish","type":"page","link":"https:\/\/www.prudentes.de\/en\/unternehmen-veraendern","title":{"rendered":"Chan\u00adge company."},"content":{"rendered":"<p>[et_pb_section fb_built=\"1\" _builder_version=\"4.19.1\" _module_preset=\"default\" custom_margin=\"95px||||false|false\" custom_margin_tablet=\"||||false|false\" custom_margin_phone=\"||||false|false\" custom_margin_last_edited=\"on|phone\" hover_enabled=\"0\" global_colors_info=\"{}\" sticky_enabled=\"0\"][et_pb_row _builder_version=\"4.16\" _module_preset=\"default\" global_colors_info=\"{}\"][et_pb_column type=\"4_4\" _builder_version=\"4.16\" _module_preset=\"default\" global_colors_info=\"{}\"][et_pb_text _builder_version=\"4.16\" _module_preset=\"default\" text_text_color=\"#C00000\" link_option_url=\"https:\/\/prudentes.de\/kompetenzen-2\" global_colors_info=\"{}\"]<\/p>\n<p><strong>&lt;&lt; Zur\u00fcck zu den Use Cases<\/strong><\/p>\n<p>[\/et_pb_text][\/et_pb_column][\/et_pb_row][et_pb_row _builder_version=\"4.16\" _module_preset=\"default\" global_colors_info=\"{}\"][et_pb_column type=\"4_4\" _builder_version=\"4.16\" _module_preset=\"default\" global_colors_info=\"{}\"][et_pb_blurb title=\"Unternehmen ver\u00e4ndern.\" image=\"https:\/\/www.prudentes.de\/wp-content\/uploads\/2022\/10\/021_prudentes_2842_hires-scaled.jpeg\" _builder_version=\"4.18.0\" _module_preset=\"default\" header_font=\"|700|||||||\" header_text_color=\"#C00000\" text_orientation=\"center\" animation=\"off\" border_radii_image=\"on|10px|10px|10px|10px\" box_shadow_style_image=\"preset1\" global_colors_info=\"{}\"]<\/p>\n<p style=\"text-align: center;\"><strong>Worum gehts\u00b4s?<br \/><\/strong><span>Ein Tiefbauunternehmen mit vielen Baustellen.<\/span><\/p>\n<p>[\/et_pb_blurb][et_pb_text _builder_version=\"4.19.1\" _module_preset=\"default\" max_width=\"52%\" max_width_tablet=\"52%\" max_width_phone=\"100%\" max_width_last_edited=\"on|phone\" module_alignment=\"center\" global_colors_info=\"{}\"]<\/p>\n<p style=\"text-align: left;\"><b>Herausforderungen:<\/b><\/p>\n<div>\n<ul>\n<li><span>Das Tiefbauunternehmen ist eine bekannte Gr\u00f6\u00dfe in ihrer Marktregion. Gleichwohl ist die Rentabilit\u00e4t schwach und die Liquidit\u00e4t eng. <\/span><\/li>\n<li><span>Hausbanken reagierten verunsichert auf die pl\u00f6tzlichen Meldungen drohender, liquider Engp\u00e4sse. <\/span><\/li>\n<li><span>Baustellenprozesse, Maschinenpark, Logistik und Baustellenrechnung sind nicht optimal aufgestellt.<\/span><\/li>\n<li><span>Der Konsortialkredit der Hausbanken steht vor der Prolongation ohne eine konkrete Zusicherung der Verl\u00e4ngerung durch die Financiers.\u00a0 <\/span><\/li>\n<\/ul>\n<\/div>\n<div style=\"text-align: left;\"><strong><br \/>Prudentes Ansatz:<\/strong><\/div>\n<div>\n<div style=\"text-align: left;\">\n<div>\n<ul>\n<li><span>Einsatz eines Chief <\/span><span>Restructuring<\/span><span> Officer (CRO) als Multiprojektmanager<\/span><\/li>\n<li><span>Workshop \u201eNordsternprojekte\u201c mit Management und Leistungstr\u00e4gern <\/span><\/li>\n<li><span>Definition von mehreren Organisations-, Rentabilit\u00e4ts-, Verschwendungs-, Struktur- und <\/span><span>Controllingprojekten<\/span><\/li>\n<li><span>Kick-Offs \u201eZukunft Tiefbau\u201c gesch\u00e4ftsbereichsweise<\/span><\/li>\n<li><span>Optimierung der internen Unternehmenskommunikation<\/span><\/li>\n<li>\n<p><span>Bankenkommunikation und Berichterstattung optimieren, um Vertrauen zur\u00fcck zu gewinnen<\/span><\/p>\n<p><strong>Ergebnisse:<\/strong><\/p>\n<\/li>\n<\/ul>\n<\/div>\n<\/div>\n<\/div>\n<p>[\/et_pb_text][\/et_pb_column][\/et_pb_row][et_pb_row column_structure=\"1_3,1_3,1_3\" _builder_version=\"4.16\" _module_preset=\"default\" max_width=\"40%\" custom_padding=\"0%||||false|false\" global_colors_info=\"{}\"][et_pb_column type=\"1_3\" _builder_version=\"4.16\" _module_preset=\"default\" global_colors_info=\"{}\"][et_pb_number_counter title=\"Monate danach Prolongation des Konsortialkredits\" number=\"4\" percent_sign=\"off\" _builder_version=\"4.16\" _module_preset=\"default\" title_font=\"|700|||||||\" title_text_color=\"#5F5F5F\" title_font_size=\"15px\" number_font=\"||||||||\" number_text_color=\"#C00000\" global_colors_info=\"{}\"][\/et_pb_number_counter][\/et_pb_column][et_pb_column type=\"1_3\" _builder_version=\"4.16\" _module_preset=\"default\" global_colors_info=\"{}\"][et_pb_number_counter title=\"Rentabilit\u00e4ts-steigerung innerhalb von 18 Monaten\" number=\"85\" _builder_version=\"4.16\" _module_preset=\"default\" title_font=\"|700|||||||\" title_text_color=\"#5F5F5F\" title_font_size=\"15px\" number_text_color=\"#C00000\" global_colors_info=\"{}\"][\/et_pb_number_counter][\/et_pb_column][et_pb_column type=\"1_3\" _builder_version=\"4.16\" _module_preset=\"default\" global_colors_info=\"{}\"][et_pb_number_counter title=\"Produktivit\u00e4tssteigerung auf Baustellen\" number=\"18\" _builder_version=\"4.16\" _module_preset=\"default\" title_font=\"|700|||||||\" title_text_color=\"#5F5F5F\" title_font_size=\"15px\" number_text_color=\"#C00000\" global_colors_info=\"{}\"][\/et_pb_number_counter][\/et_pb_column][\/et_pb_row][\/et_pb_section]<\/p>\n","protected":false},"excerpt":{"rendered":"<p>&lt;&lt; Zur\u00fcck zu den Use CasesWorum gehts\u00b4s?Ein Tiefbauunternehmen mit vielen Baustellen.Herausforderungen: Das Tiefbauunternehmen ist eine bekannte Gr\u00f6\u00dfe in ihrer Marktregion. Gleichwohl ist die Rentabilit\u00e4t schwach und die Liquidit\u00e4t eng. Hausbanken reagierten verunsichert auf die pl\u00f6tzlichen Meldungen drohender, liquider Engp\u00e4sse. Baustellenprozesse, Maschinenpark, Logistik und Baustellenrechnung sind nicht optimal aufgestellt. Der Konsortialkredit der Hausbanken steht vor der [&hellip;]<\/p>\n","protected":false},"author":1,"featured_media":0,"parent":0,"menu_order":0,"comment_status":"closed","ping_status":"closed","template":"","meta":{"_et_pb_use_builder":"on","_et_pb_old_content":"<!-- wp:divi\/placeholder \/-->","_et_gb_content_width":"","wp_typography_post_enhancements_disabled":false,"footnotes":""},"class_list":["post-2225","page","type-page","status-publish","hentry"],"yoast_head":"<!-- This site is optimized with the Yoast SEO plugin v27.6 - https:\/\/yoast.com\/product\/yoast-seo-wordpress\/ -->\n<title>Unternehmen ver\u00e4ndern. - Prudentes<\/title>\n<meta name=\"robots\" content=\"index, follow, max-snippet:-1, max-image-preview:large, max-video-preview:-1\" \/>\n<link rel=\"canonical\" href=\"https:\/\/www.prudentes.de\/en\/unternehmen-veraendern\/\" \/>\n<meta property=\"og:locale\" content=\"en_US\" \/>\n<meta property=\"og:type\" content=\"article\" \/>\n<meta property=\"og:title\" content=\"Unternehmen ver\u00e4ndern. - Prudentes\" \/>\n<meta property=\"og:description\" content=\"&lt;&lt; Zur\u00fcck zu den Use CasesWorum gehts\u00b4s?Ein Tiefbauunternehmen mit vielen Baustellen.Herausforderungen: Das Tiefbauunternehmen ist eine bekannte Gr\u00f6\u00dfe in ihrer Marktregion. Gleichwohl ist die Rentabilit\u00e4t schwach und die Liquidit\u00e4t eng. Hausbanken reagierten verunsichert auf die pl\u00f6tzlichen Meldungen drohender, liquider Engp\u00e4sse. Baustellenprozesse, Maschinenpark, Logistik und Baustellenrechnung sind nicht optimal aufgestellt. Der Konsortialkredit der Hausbanken steht vor der [&hellip;]\" \/>\n<meta property=\"og:url\" content=\"https:\/\/www.prudentes.de\/en\/unternehmen-veraendern\/\" \/>\n<meta property=\"og:site_name\" content=\"Prudentes\" \/>\n<meta property=\"article:modified_time\" content=\"2022-11-24T19:22:37+00:00\" \/>\n<meta name=\"twitter:card\" content=\"summary_large_image\" \/>\n<script type=\"application\/ld+json\" class=\"yoast-schema-graph\">{\"@context\":\"https:\\\/\\\/schema.org\",\"@graph\":[{\"@type\":\"WebPage\",\"@id\":\"https:\\\/\\\/www.prudentes.de\\\/unternehmen-veraendern\",\"url\":\"https:\\\/\\\/www.prudentes.de\\\/unternehmen-veraendern\",\"name\":\"Unternehmen ver\u00e4ndern. - Prudentes\",\"isPartOf\":{\"@id\":\"https:\\\/\\\/www.prudentes.de\\\/#website\"},\"datePublished\":\"2022-01-13T18:30:23+00:00\",\"dateModified\":\"2022-11-24T19:22:37+00:00\",\"breadcrumb\":{\"@id\":\"https:\\\/\\\/www.prudentes.de\\\/unternehmen-veraendern#breadcrumb\"},\"inLanguage\":\"en-US\",\"potentialAction\":[{\"@type\":\"ReadAction\",\"target\":[\"https:\\\/\\\/www.prudentes.de\\\/unternehmen-veraendern\"]}]},{\"@type\":\"BreadcrumbList\",\"@id\":\"https:\\\/\\\/www.prudentes.de\\\/unternehmen-veraendern#breadcrumb\",\"itemListElement\":[{\"@type\":\"ListItem\",\"position\":1,\"name\":\"Startseite\",\"item\":\"https:\\\/\\\/www.prudentes.de\\\/\"},{\"@type\":\"ListItem\",\"position\":2,\"name\":\"Unternehmen ver\u00e4ndern.\"}]},{\"@type\":\"WebSite\",\"@id\":\"https:\\\/\\\/www.prudentes.de\\\/#website\",\"url\":\"https:\\\/\\\/www.prudentes.de\\\/\",\"name\":\"Prudentes\",\"description\":\"Prudentes Management GmbH\",\"potentialAction\":[{\"@type\":\"SearchAction\",\"target\":{\"@type\":\"EntryPoint\",\"urlTemplate\":\"https:\\\/\\\/www.prudentes.de\\\/?s={search_term_string}\"},\"query-input\":{\"@type\":\"PropertyValueSpecification\",\"valueRequired\":true,\"valueName\":\"search_term_string\"}}],\"inLanguage\":\"en-US\"}]}<\/script>\n<!-- \/ Yoast SEO plugin. -->","yoast_head_json":{"title":"Unter\u00adneh\u00admen ver\u00ad\u00e4n\u00addern. \u2014 Prudentes","robots":{"index":"index","follow":"follow","max-snippet":"max-snippet:-1","max-image-preview":"max-image-preview:large","max-video-preview":"max-video-preview:-1"},"canonical":"https:\/\/www.prudentes.de\/en\/unternehmen-veraendern\/","og_locale":"en_US","og_type":"article","og_title":"Unternehmen ver\u00e4ndern. - Prudentes","og_description":"&lt;&lt; Zur\u00fcck zu den Use CasesWorum gehts\u00b4s?Ein Tiefbauunternehmen mit vielen Baustellen.Herausforderungen: Das Tiefbauunternehmen ist eine bekannte Gr\u00f6\u00dfe in ihrer Marktregion. Gleichwohl ist die Rentabilit\u00e4t schwach und die Liquidit\u00e4t eng. Hausbanken reagierten verunsichert auf die pl\u00f6tzlichen Meldungen drohender, liquider Engp\u00e4sse. Baustellenprozesse, Maschinenpark, Logistik und Baustellenrechnung sind nicht optimal aufgestellt. Der Konsortialkredit der Hausbanken steht vor der [&hellip;]","og_url":"https:\/\/www.prudentes.de\/en\/unternehmen-veraendern\/","og_site_name":"Prudentes","article_modified_time":"2022-11-24T19:22:37+00:00","twitter_card":"summary_large_image","schema":{"@context":"https:\/\/schema.org","@graph":[{"@type":"WebPage","@id":"https:\/\/www.prudentes.de\/unternehmen-veraendern","url":"https:\/\/www.prudentes.de\/unternehmen-veraendern","name":"Unter\u00adneh\u00admen ver\u00ad\u00e4n\u00addern. \u2014 Prudentes","isPartOf":{"@id":"https:\/\/www.prudentes.de\/#website"},"datePublished":"2022-01-13T18:30:23+00:00","dateModified":"2022-11-24T19:22:37+00:00","breadcrumb":{"@id":"https:\/\/www.prudentes.de\/unternehmen-veraendern#breadcrumb"},"inLanguage":"en-US","potentialAction":[{"@type":"ReadAction","target":["https:\/\/www.prudentes.de\/unternehmen-veraendern"]}]},{"@type":"BreadcrumbList","@id":"https:\/\/www.prudentes.de\/unternehmen-veraendern#breadcrumb","itemListElement":[{"@type":"ListItem","position":1,"name":"Startseite","item":"https:\/\/www.prudentes.de\/"},{"@type":"ListItem","position":2,"name":"Unternehmen ver\u00e4ndern."}]},{"@type":"WebSite","@id":"https:\/\/www.prudentes.de\/#website","url":"https:\/\/www.prudentes.de\/","name":"Pru\u00adden\u00adtes","description":"Pru\u00adden\u00adtes Manage\u00adment&nbsp;GmbH","potentialAction":[{"@type":"SearchAction","target":{"@type":"EntryPoint","urlTemplate":"https:\/\/www.prudentes.de\/?s={search_term_string}"},"query-input":{"@type":"PropertyValueSpecification","valueRequired":true,"valueName":"search_term_string"}}],"inLanguage":"en-US"}]}},"_links":{"self":[{"href":"https:\/\/www.prudentes.de\/en\/wp-json\/wp\/v2\/pages\/2225","targetHints":{"allow":["GET"]}}],"collection":[{"href":"https:\/\/www.prudentes.de\/en\/wp-json\/wp\/v2\/pages"}],"about":[{"href":"https:\/\/www.prudentes.de\/en\/wp-json\/wp\/v2\/types\/page"}],"author":[{"embeddable":true,"href":"https:\/\/www.prudentes.de\/en\/wp-json\/wp\/v2\/users\/1"}],"replies":[{"embeddable":true,"href":"https:\/\/www.prudentes.de\/en\/wp-json\/wp\/v2\/comments?post=2225"}],"version-history":[{"count":10,"href":"https:\/\/www.prudentes.de\/en\/wp-json\/wp\/v2\/pages\/2225\/revisions"}],"predecessor-version":[{"id":3147,"href":"https:\/\/www.prudentes.de\/en\/wp-json\/wp\/v2\/pages\/2225\/revisions\/3147"}],"wp:attachment":[{"href":"https:\/\/www.prudentes.de\/en\/wp-json\/wp\/v2\/media?parent=2225"}],"curies":[{"name":"wp","href":"https:\/\/api.w.org\/{rel}","templated":true}]}}