{"id":2218,"date":"2022-01-13T18:27:11","date_gmt":"2022-01-13T18:27:11","guid":{"rendered":"https:\/\/wordpress.prudentes.de\/?page_id=2218"},"modified":"2022-11-24T19:22:17","modified_gmt":"2022-11-24T19:22:17","slug":"unternehmen-kaufen-oder-verkaufen","status":"publish","type":"page","link":"https:\/\/www.prudentes.de\/en\/unternehmen-kaufen-oder-verkaufen","title":{"rendered":"Buy or sell companies."},"content":{"rendered":"<p>[et_pb_section fb_built=\"1\" _builder_version=\"4.19.1\" _module_preset=\"default\" custom_margin=\"95px||||false|false\" custom_margin_tablet=\"||||false|false\" custom_margin_phone=\"||||false|false\" custom_margin_last_edited=\"on|phone\" hover_enabled=\"0\" global_colors_info=\"{}\" sticky_enabled=\"0\"][et_pb_row _builder_version=\"4.16\" _module_preset=\"default\" global_colors_info=\"{}\"][et_pb_column type=\"4_4\" _builder_version=\"4.16\" _module_preset=\"default\" global_colors_info=\"{}\"][et_pb_text _builder_version=\"4.16\" _module_preset=\"default\" text_text_color=\"#C00000\" link_option_url=\"https:\/\/prudentes.de\/kompetenzen-2\" global_colors_info=\"{}\"]<\/p>\n<p><strong>&lt;&lt; Zur\u00fcck zu den Use Cases<\/strong><\/p>\n<p>[\/et_pb_text][\/et_pb_column][\/et_pb_row][et_pb_row _builder_version=\"4.16\" _module_preset=\"default\" global_colors_info=\"{}\"][et_pb_column type=\"4_4\" _builder_version=\"4.16\" _module_preset=\"default\" global_colors_info=\"{}\"][et_pb_video src=\"https:\/\/www.prudentes.de\/wp-content\/uploads\/2022\/10\/Frickenhauser-RicoV.2.mov\" image_src=\"https:\/\/www.prudentes.de\/wp-content\/uploads\/2022\/10\/Bildschirmfoto-2022-10-18-um-16.59.41.png\" play_icon_color=\"#FFFFFF\" font_icon=\"&#x3d;||divi||400\" _builder_version=\"4.18.0\" _module_preset=\"default\" custom_margin=\"-10%||5%||false|false\" custom_padding=\"||||false|false\" box_shadow_style=\"preset1\" global_colors_info=\"{}\"][\/et_pb_video][et_pb_blurb title=\"Unternehmen kaufen oder verkaufen.\" _builder_version=\"4.18.0\" _module_preset=\"default\" header_font=\"|700|||||||\" header_text_color=\"#C00000\" text_orientation=\"center\" animation=\"off\" border_radii_image=\"on|10px|10px|10px|10px\" box_shadow_style_image=\"preset1\" global_colors_info=\"{}\"]<\/p>\n<p style=\"text-align: center;\"><strong>Worum gehts\u00b4s?<br \/><\/strong><span>Verkauf des eigenen Autohauses an eine gro\u00dfe Autohausgruppe.<\/span><\/p>\n<p>[\/et_pb_blurb][et_pb_text _builder_version=\"4.19.1\" _module_preset=\"default\" max_width=\"52%\" max_width_tablet=\"52%\" max_width_phone=\"100%\" max_width_last_edited=\"on|phone\" module_alignment=\"center\" global_colors_info=\"{}\"]<\/p>\n<p style=\"text-align: left;\"><b>Herausforderungen:<\/b><\/p>\n<div>\n<ul>\n<li><span>Das markengebundene Autohaus ist profitabel, verf\u00fcgt \u00fcber eine sehr gute Kundenbasis\u00a0 und konnte in den letzten Jahren organisch wachsen<\/span><\/li>\n<li><span>Gleichwohl besteht aus Sicht des Nachfolgers Handlungsbedarf, sich strategisch klar zu werden, ob die Selbstst\u00e4ndigkeit in den n\u00e4chsten f\u00fcnf bis zehn Jahren aufrecht erhalten werden kann.<\/span><\/li>\n<li><span>Der Inter- und Intrabrandwettbewerb in der Metroregion wird zunehmend unerbittlicher und geht zulasten der Ertr\u00e4ge <\/span><\/li>\n<\/ul>\n<\/div>\n<div style=\"text-align: left;\"><strong><br \/>Prudentes Ansatz:<\/strong><\/div>\n<div>\n<div style=\"text-align: left;\">\n<div>\n<ul>\n<li><span>Visualisierung der heutigen und aus Sicht von Prudentes zuk\u00fcnftigen Wettbewerbssituation in der betroffenen Metroregion<\/span><\/li>\n<li><span>Empfehlung zum Unternehmensverkauf unter Zugrundelegung einer Bewertung des Autohauses und der Autohausimmobilie<\/span><\/li>\n<li><span>Erstellung einer Longlist in Frage kommender strategische Investoren<\/span><\/li>\n<li><span>Abstimmung der Longlist mit Hersteller <\/span><\/li>\n<li><span>Sondierungsgespr\u00e4che mit potenziellen \u00dcbernehmern <\/span><\/li>\n<li><span>Einladung zum digitalen Datenraum an Investoren <\/span><\/li>\n<li><span>Erarbeitung einer Verhandlungsstrategie und \u2013<\/span><span>taktik<\/span><span><\/span><\/li>\n<li><span>Empfehlungen zur Krisenkommunikation w\u00e4hrend des Transaktionsprozesses<\/span><\/li>\n<li><span>Verhandlungsf\u00fchrung auf Seiten des Verk\u00e4ufers<\/span><\/li>\n<li><span>Gestaltung der Kaufpreise und Vereinbarung \u00fcber Deal Design<\/span><\/li>\n<li><span>Fixierung eines Letter-<\/span><span>of<\/span><span>-<\/span><span>Intent<\/span><span> (LOI) zwischen Verk\u00e4ufer und K\u00e4ufer <\/span><\/li>\n<\/ul>\n<div>\n<ul>\n<li><span>Vertragserarbeitung in enger Zusammenarbeit mit Steuerberatern und Rechtsanw\u00e4lten<\/span><\/li>\n<\/ul>\n<p><strong>Ergebnis:<\/strong><\/p>\n<\/div>\n<\/div>\n<\/div>\n<\/div>\n<p>[\/et_pb_text][\/et_pb_column][\/et_pb_row][et_pb_row column_structure=\"1_3,1_3,1_3\" _builder_version=\"4.16\" _module_preset=\"default\" max_width=\"40%\" custom_padding=\"0%||||false|false\" global_colors_info=\"{}\"][et_pb_column type=\"1_3\" _builder_version=\"4.16\" _module_preset=\"default\" global_colors_info=\"{}\"][\/et_pb_column][et_pb_column type=\"1_3\" _builder_version=\"4.16\" _module_preset=\"default\" global_colors_info=\"{}\"][et_pb_number_counter title=\"Monate nach Sondierung Unterzeichnung der Vertr\u00e4ge\" number=\"3\" percent_sign=\"off\" _builder_version=\"4.16\" _module_preset=\"default\" title_font=\"|700|||||||\" title_text_color=\"#5F5F5F\" title_font_size=\"15px\" number_text_color=\"#C00000\" global_colors_info=\"{}\"][\/et_pb_number_counter][\/et_pb_column][et_pb_column type=\"1_3\" _builder_version=\"4.16\" _module_preset=\"default\" global_colors_info=\"{}\"][\/et_pb_column][\/et_pb_row][\/et_pb_section][et_pb_section fb_built=\"1\" _builder_version=\"4.18.0\" _module_preset=\"default\" global_colors_info=\"{}\"][et_pb_row _builder_version=\"4.18.0\" _module_preset=\"default\" global_colors_info=\"{}\"][et_pb_column type=\"4_4\" _builder_version=\"4.18.0\" _module_preset=\"default\" global_colors_info=\"{}\"][et_pb_video src=\"https:\/\/www.prudentes.de\/wp-content\/uploads\/2022\/10\/Sebastian.mov\" image_src=\"https:\/\/www.prudentes.de\/wp-content\/uploads\/2022\/10\/Bildschirmfoto-2022-10-18-um-17.10.27.png\" play_icon_color=\"#FFFFFF\" font_icon=\"&#x3d;||divi||400\" _builder_version=\"4.18.0\" _module_preset=\"default\" custom_margin=\"-10%||5%||false|false\" custom_padding=\"||||false|false\" box_shadow_style=\"preset1\" global_colors_info=\"{}\"][\/et_pb_video][\/et_pb_column][\/et_pb_row][\/et_pb_section]<\/p>\n","protected":false},"excerpt":{"rendered":"<p>&lt;&lt; Zur\u00fcck zu den Use CasesWorum gehts\u00b4s?Verkauf des eigenen Autohauses an eine gro\u00dfe Autohausgruppe.Herausforderungen: Das markengebundene Autohaus ist profitabel, verf\u00fcgt \u00fcber eine sehr gute Kundenbasis\u00a0 und konnte in den letzten Jahren organisch wachsen Gleichwohl besteht aus Sicht des Nachfolgers Handlungsbedarf, sich strategisch klar zu werden, ob die Selbstst\u00e4ndigkeit in den n\u00e4chsten f\u00fcnf bis zehn Jahren [&hellip;]<\/p>\n","protected":false},"author":1,"featured_media":0,"parent":0,"menu_order":0,"comment_status":"closed","ping_status":"closed","template":"","meta":{"_et_pb_use_builder":"on","_et_pb_old_content":"<!-- wp:divi\/placeholder \/-->","_et_gb_content_width":"","wp_typography_post_enhancements_disabled":false,"footnotes":""},"class_list":["post-2218","page","type-page","status-publish","hentry"],"yoast_head":"<!-- This site is optimized with the Yoast SEO plugin v27.6 - https:\/\/yoast.com\/product\/yoast-seo-wordpress\/ -->\n<title>Unternehmen kaufen oder verkaufen. - Prudentes<\/title>\n<meta name=\"robots\" content=\"index, follow, max-snippet:-1, max-image-preview:large, max-video-preview:-1\" \/>\n<link rel=\"canonical\" href=\"https:\/\/www.prudentes.de\/en\/unternehmen-kaufen-oder-verkaufen\/\" \/>\n<meta property=\"og:locale\" content=\"en_US\" \/>\n<meta property=\"og:type\" content=\"article\" \/>\n<meta property=\"og:title\" content=\"Unternehmen kaufen oder verkaufen. - Prudentes\" \/>\n<meta property=\"og:description\" content=\"&lt;&lt; Zur\u00fcck zu den Use CasesWorum gehts\u00b4s?Verkauf des eigenen Autohauses an eine gro\u00dfe Autohausgruppe.Herausforderungen: Das markengebundene Autohaus ist profitabel, verf\u00fcgt \u00fcber eine sehr gute Kundenbasis\u00a0 und konnte in den letzten Jahren organisch wachsen Gleichwohl besteht aus Sicht des Nachfolgers Handlungsbedarf, sich strategisch klar zu werden, ob die Selbstst\u00e4ndigkeit in den n\u00e4chsten f\u00fcnf bis zehn Jahren [&hellip;]\" \/>\n<meta property=\"og:url\" content=\"https:\/\/www.prudentes.de\/en\/unternehmen-kaufen-oder-verkaufen\/\" \/>\n<meta property=\"og:site_name\" content=\"Prudentes\" \/>\n<meta property=\"article:modified_time\" content=\"2022-11-24T19:22:17+00:00\" \/>\n<meta name=\"twitter:card\" content=\"summary_large_image\" \/>\n<script type=\"application\/ld+json\" class=\"yoast-schema-graph\">{\"@context\":\"https:\\\/\\\/schema.org\",\"@graph\":[{\"@type\":\"WebPage\",\"@id\":\"https:\\\/\\\/www.prudentes.de\\\/unternehmen-kaufen-oder-verkaufen\",\"url\":\"https:\\\/\\\/www.prudentes.de\\\/unternehmen-kaufen-oder-verkaufen\",\"name\":\"Unternehmen kaufen oder verkaufen. - Prudentes\",\"isPartOf\":{\"@id\":\"https:\\\/\\\/www.prudentes.de\\\/#website\"},\"datePublished\":\"2022-01-13T18:27:11+00:00\",\"dateModified\":\"2022-11-24T19:22:17+00:00\",\"breadcrumb\":{\"@id\":\"https:\\\/\\\/www.prudentes.de\\\/unternehmen-kaufen-oder-verkaufen#breadcrumb\"},\"inLanguage\":\"en-US\",\"potentialAction\":[{\"@type\":\"ReadAction\",\"target\":[\"https:\\\/\\\/www.prudentes.de\\\/unternehmen-kaufen-oder-verkaufen\"]}]},{\"@type\":\"BreadcrumbList\",\"@id\":\"https:\\\/\\\/www.prudentes.de\\\/unternehmen-kaufen-oder-verkaufen#breadcrumb\",\"itemListElement\":[{\"@type\":\"ListItem\",\"position\":1,\"name\":\"Startseite\",\"item\":\"https:\\\/\\\/www.prudentes.de\\\/\"},{\"@type\":\"ListItem\",\"position\":2,\"name\":\"Unternehmen kaufen oder verkaufen.\"}]},{\"@type\":\"WebSite\",\"@id\":\"https:\\\/\\\/www.prudentes.de\\\/#website\",\"url\":\"https:\\\/\\\/www.prudentes.de\\\/\",\"name\":\"Prudentes\",\"description\":\"Prudentes Management GmbH\",\"potentialAction\":[{\"@type\":\"SearchAction\",\"target\":{\"@type\":\"EntryPoint\",\"urlTemplate\":\"https:\\\/\\\/www.prudentes.de\\\/?s={search_term_string}\"},\"query-input\":{\"@type\":\"PropertyValueSpecification\",\"valueRequired\":true,\"valueName\":\"search_term_string\"}}],\"inLanguage\":\"en-US\"}]}<\/script>\n<!-- \/ Yoast SEO plugin. -->","yoast_head_json":{"title":"Unter\u00adneh\u00admen kau\u00adfen oder ver\u00adkau\u00adfen. \u2014 Prudentes","robots":{"index":"index","follow":"follow","max-snippet":"max-snippet:-1","max-image-preview":"max-image-preview:large","max-video-preview":"max-video-preview:-1"},"canonical":"https:\/\/www.prudentes.de\/en\/unternehmen-kaufen-oder-verkaufen\/","og_locale":"en_US","og_type":"article","og_title":"Unternehmen kaufen oder verkaufen. - Prudentes","og_description":"&lt;&lt; Zur\u00fcck zu den Use CasesWorum gehts\u00b4s?Verkauf des eigenen Autohauses an eine gro\u00dfe Autohausgruppe.Herausforderungen: Das markengebundene Autohaus ist profitabel, verf\u00fcgt \u00fcber eine sehr gute Kundenbasis\u00a0 und konnte in den letzten Jahren organisch wachsen Gleichwohl besteht aus Sicht des Nachfolgers Handlungsbedarf, sich strategisch klar zu werden, ob die Selbstst\u00e4ndigkeit in den n\u00e4chsten f\u00fcnf bis zehn Jahren [&hellip;]","og_url":"https:\/\/www.prudentes.de\/en\/unternehmen-kaufen-oder-verkaufen\/","og_site_name":"Prudentes","article_modified_time":"2022-11-24T19:22:17+00:00","twitter_card":"summary_large_image","schema":{"@context":"https:\/\/schema.org","@graph":[{"@type":"WebPage","@id":"https:\/\/www.prudentes.de\/unternehmen-kaufen-oder-verkaufen","url":"https:\/\/www.prudentes.de\/unternehmen-kaufen-oder-verkaufen","name":"Unter\u00adneh\u00admen kau\u00adfen oder ver\u00adkau\u00adfen. \u2014 Prudentes","isPartOf":{"@id":"https:\/\/www.prudentes.de\/#website"},"datePublished":"2022-01-13T18:27:11+00:00","dateModified":"2022-11-24T19:22:17+00:00","breadcrumb":{"@id":"https:\/\/www.prudentes.de\/unternehmen-kaufen-oder-verkaufen#breadcrumb"},"inLanguage":"en-US","potentialAction":[{"@type":"ReadAction","target":["https:\/\/www.prudentes.de\/unternehmen-kaufen-oder-verkaufen"]}]},{"@type":"BreadcrumbList","@id":"https:\/\/www.prudentes.de\/unternehmen-kaufen-oder-verkaufen#breadcrumb","itemListElement":[{"@type":"ListItem","position":1,"name":"Startseite","item":"https:\/\/www.prudentes.de\/"},{"@type":"ListItem","position":2,"name":"Unternehmen kaufen oder verkaufen."}]},{"@type":"WebSite","@id":"https:\/\/www.prudentes.de\/#website","url":"https:\/\/www.prudentes.de\/","name":"Pru\u00adden\u00adtes","description":"Pru\u00adden\u00adtes Manage\u00adment&nbsp;GmbH","potentialAction":[{"@type":"SearchAction","target":{"@type":"EntryPoint","urlTemplate":"https:\/\/www.prudentes.de\/?s={search_term_string}"},"query-input":{"@type":"PropertyValueSpecification","valueRequired":true,"valueName":"search_term_string"}}],"inLanguage":"en-US"}]}},"_links":{"self":[{"href":"https:\/\/www.prudentes.de\/en\/wp-json\/wp\/v2\/pages\/2218","targetHints":{"allow":["GET"]}}],"collection":[{"href":"https:\/\/www.prudentes.de\/en\/wp-json\/wp\/v2\/pages"}],"about":[{"href":"https:\/\/www.prudentes.de\/en\/wp-json\/wp\/v2\/types\/page"}],"author":[{"embeddable":true,"href":"https:\/\/www.prudentes.de\/en\/wp-json\/wp\/v2\/users\/1"}],"replies":[{"embeddable":true,"href":"https:\/\/www.prudentes.de\/en\/wp-json\/wp\/v2\/comments?post=2218"}],"version-history":[{"count":17,"href":"https:\/\/www.prudentes.de\/en\/wp-json\/wp\/v2\/pages\/2218\/revisions"}],"predecessor-version":[{"id":3146,"href":"https:\/\/www.prudentes.de\/en\/wp-json\/wp\/v2\/pages\/2218\/revisions\/3146"}],"wp:attachment":[{"href":"https:\/\/www.prudentes.de\/en\/wp-json\/wp\/v2\/media?parent=2218"}],"curies":[{"name":"wp","href":"https:\/\/api.w.org\/{rel}","templated":true}]}}