{"id":2213,"date":"2022-01-13T18:24:03","date_gmt":"2022-01-13T18:24:03","guid":{"rendered":"https:\/\/wordpress.prudentes.de\/?page_id=2213"},"modified":"2022-11-24T19:21:59","modified_gmt":"2022-11-24T19:21:59","slug":"nachfolge-regeln","status":"publish","type":"page","link":"https:\/\/www.prudentes.de\/en\/nachfolge-regeln","title":{"rendered":"Regu\u00adla\u00adte succession."},"content":{"rendered":"<p>[et_pb_section fb_built=\"1\" _builder_version=\"4.19.1\" _module_preset=\"default\" custom_margin_tablet=\"||||false|false\" custom_margin_phone=\"||||false|false\" custom_margin_last_edited=\"on|phone\" hover_enabled=\"0\" global_colors_info=\"{}\" custom_margin=\"95px||||false|false\" sticky_enabled=\"0\"][et_pb_row _builder_version=\"4.16\" _module_preset=\"default\" global_colors_info=\"{}\"][et_pb_column type=\"4_4\" _builder_version=\"4.16\" _module_preset=\"default\" global_colors_info=\"{}\"][et_pb_text _builder_version=\"4.16\" _module_preset=\"default\" text_text_color=\"#C00000\" link_option_url=\"https:\/\/prudentes.de\/kompetenzen-2\" global_colors_info=\"{}\"]<\/p>\n<p><strong>&lt;&lt; Zur\u00fcck zu den Use Cases<\/strong><\/p>\n<p>[\/et_pb_text][\/et_pb_column][\/et_pb_row][et_pb_row _builder_version=\"4.16\" _module_preset=\"default\" global_colors_info=\"{}\"][et_pb_column type=\"4_4\" _builder_version=\"4.16\" _module_preset=\"default\" global_colors_info=\"{}\"][et_pb_blurb title=\"Nachfolge regeln.\" image=\"https:\/\/www.prudentes.de\/wp-content\/uploads\/2022\/10\/009_prudentes_9204_hires-scaled.jpeg\" _builder_version=\"4.18.0\" _module_preset=\"default\" header_font=\"|700|||||||\" header_text_color=\"#C00000\" text_orientation=\"center\" animation=\"off\" border_radii_image=\"on|10px|10px|10px|10px\" box_shadow_style_image=\"preset1\" global_colors_info=\"{}\"]<\/p>\n<p style=\"text-align: center;\"><strong>Worum gehts\u00b4s?<br \/><\/strong><span>Gro\u00dfes Baustoffhandelsunternehmen regelt seine Nachfolge.<\/span><\/p>\n<p>[\/et_pb_blurb][et_pb_text _builder_version=\"4.19.1\" _module_preset=\"default\" max_width=\"52%\" max_width_tablet=\"52%\" max_width_phone=\"100%\" max_width_last_edited=\"on|phone\" module_alignment=\"center\" global_colors_info=\"{}\"]<\/p>\n<p style=\"text-align: left;\"><b>Herausforderungen:<\/b><\/p>\n<div>\n<ul>\n<li><span>Traditionelles Baustoffhandelsunternehmen mit hoher regionaler Bekanntheit steht vor familieninterner Nachfolge<\/span><\/li>\n<li><span>\u00dcbertragung kompliziert, weil hohes Eigenkapital und gute Rentabilit\u00e4t zu vergleichsweise hohen Unternehmenswerten f\u00fchrt, die aber nicht fremd finanzierbar sind\u00a0\u00a0 <\/span><\/li>\n<li><span>Investitionsstau und notwendige Standortmodernisierungen\u00a0 bed\u00fcrfen zus\u00e4tzliche Finanzierungskapazit\u00e4ten in kommenden Jahren <\/span><\/li>\n<\/ul>\n<\/div>\n<div style=\"text-align: left;\"><strong><br \/>Prudentes Ansatz:<\/strong><\/div>\n<div>\n<div style=\"text-align: left;\">\n<div>\n<ul>\n<li><span>Ermittlung eines fairen Unternehmenswertes zur \u00dcbertragung auf Nachfolge<\/span><\/li>\n<li><span>Empfehlung eines Unternehmenskaufpreises im Spannungsfeld zwischen legitime, wirtschaftliche Interessen des Verk\u00e4ufers und zukunftsf\u00e4hige Ausrichtung des Unternehmens mit Blick auf hohen Investitionsbedarf<\/span><\/li>\n<li><span>Verhandlungsf\u00fchrung gem. einem gemeinsam verabschiedeten Meilensteinplans<\/span><\/li>\n<li><span>Vereinbarung \u00fcber einen \u201eLetter-<\/span><span>of<\/span><span>-<\/span><span>Intent<\/span><span>\u201c (LOI) mit allen Beteiligten <\/span><\/li>\n<li><span>Steueroptimierte Ausgestaltung eines \u201eRentenplans\u201c in Abstimmung mit Steuerberatung<\/span><\/li>\n<li><span>Workshop \u201eZukunft Baustoffhandel\u201c mit Nachfolger\u00a0 und Erarbeitung einer strategischen Positionierung. <\/span><\/li>\n<li><span>Erarbeitung eines Business Case f\u00fcr die kommenden 3 Jahre <\/span><\/li>\n<li><span>Vertragsgestaltung gemeinsam mit Steuerberater und Rechtsanw\u00e4lten<\/span><\/li>\n<li><span>Kick-Off Veranstaltung mit F\u00fchrungskr\u00e4ften und Leistungstr\u00e4gern nach Stab\u00fcbergabe auf den Nachfolger <\/span><\/li>\n<\/ul>\n<\/div>\n<div>\n<p><strong>Ergebnis<\/strong><strong>:<\/strong><\/p>\n<\/div>\n<\/div>\n<\/div>\n<p>[\/et_pb_text][\/et_pb_column][\/et_pb_row][et_pb_row column_structure=\"1_3,1_3,1_3\" _builder_version=\"4.16\" _module_preset=\"default\" max_width=\"40%\" custom_padding=\"0%||||false|false\" global_colors_info=\"{}\"][et_pb_column type=\"1_3\" _builder_version=\"4.16\" _module_preset=\"default\" global_colors_info=\"{}\"][\/et_pb_column][et_pb_column type=\"1_3\" _builder_version=\"4.16\" _module_preset=\"default\" global_colors_info=\"{}\"][et_pb_number_counter title=\"Monatiger Einigungsprozess\" number=\"12\" percent_sign=\"off\" _builder_version=\"4.16\" _module_preset=\"default\" title_font=\"|700|||||||\" title_text_color=\"#5F5F5F\" title_font_size=\"15px\" number_text_color=\"#C00000\" global_colors_info=\"{}\"][\/et_pb_number_counter][\/et_pb_column][et_pb_column type=\"1_3\" _builder_version=\"4.16\" _module_preset=\"default\" global_colors_info=\"{}\"][\/et_pb_column][\/et_pb_row][\/et_pb_section]<\/p>\n","protected":false},"excerpt":{"rendered":"<p>&lt;&lt; Zur\u00fcck zu den Use CasesWorum gehts\u00b4s?Gro\u00dfes Baustoffhandelsunternehmen regelt seine Nachfolge.Herausforderungen: Traditionelles Baustoffhandelsunternehmen mit hoher regionaler Bekanntheit steht vor familieninterner Nachfolge \u00dcbertragung kompliziert, weil hohes Eigenkapital und gute Rentabilit\u00e4t zu vergleichsweise hohen Unternehmenswerten f\u00fchrt, die aber nicht fremd finanzierbar sind\u00a0\u00a0 Investitionsstau und notwendige Standortmodernisierungen\u00a0 bed\u00fcrfen zus\u00e4tzliche Finanzierungskapazit\u00e4ten in kommenden Jahren Prudentes Ansatz: Ermittlung eines fairen [&hellip;]<\/p>\n","protected":false},"author":1,"featured_media":0,"parent":0,"menu_order":0,"comment_status":"closed","ping_status":"closed","template":"","meta":{"_et_pb_use_builder":"on","_et_pb_old_content":"<!-- wp:divi\/placeholder \/-->","_et_gb_content_width":"","wp_typography_post_enhancements_disabled":false,"footnotes":""},"class_list":["post-2213","page","type-page","status-publish","hentry"],"yoast_head":"<!-- This site is optimized with the Yoast SEO plugin v27.6 - https:\/\/yoast.com\/product\/yoast-seo-wordpress\/ -->\n<title>Nachfolge regeln. - Prudentes<\/title>\n<meta name=\"robots\" content=\"index, follow, max-snippet:-1, max-image-preview:large, max-video-preview:-1\" \/>\n<link rel=\"canonical\" href=\"https:\/\/www.prudentes.de\/en\/nachfolge-regeln\/\" \/>\n<meta property=\"og:locale\" content=\"en_US\" \/>\n<meta property=\"og:type\" content=\"article\" \/>\n<meta property=\"og:title\" content=\"Nachfolge regeln. - Prudentes\" \/>\n<meta property=\"og:description\" content=\"&lt;&lt; Zur\u00fcck zu den Use CasesWorum gehts\u00b4s?Gro\u00dfes Baustoffhandelsunternehmen regelt seine Nachfolge.Herausforderungen: Traditionelles Baustoffhandelsunternehmen mit hoher regionaler Bekanntheit steht vor familieninterner Nachfolge \u00dcbertragung kompliziert, weil hohes Eigenkapital und gute Rentabilit\u00e4t zu vergleichsweise hohen Unternehmenswerten f\u00fchrt, die aber nicht fremd finanzierbar sind\u00a0\u00a0 Investitionsstau und notwendige Standortmodernisierungen\u00a0 bed\u00fcrfen zus\u00e4tzliche Finanzierungskapazit\u00e4ten in kommenden Jahren Prudentes Ansatz: Ermittlung eines fairen [&hellip;]\" \/>\n<meta property=\"og:url\" content=\"https:\/\/www.prudentes.de\/en\/nachfolge-regeln\/\" \/>\n<meta property=\"og:site_name\" content=\"Prudentes\" \/>\n<meta property=\"article:modified_time\" content=\"2022-11-24T19:21:59+00:00\" \/>\n<meta name=\"twitter:card\" content=\"summary_large_image\" \/>\n<script type=\"application\/ld+json\" class=\"yoast-schema-graph\">{\"@context\":\"https:\\\/\\\/schema.org\",\"@graph\":[{\"@type\":\"WebPage\",\"@id\":\"https:\\\/\\\/www.prudentes.de\\\/nachfolge-regeln\",\"url\":\"https:\\\/\\\/www.prudentes.de\\\/nachfolge-regeln\",\"name\":\"Nachfolge regeln. - Prudentes\",\"isPartOf\":{\"@id\":\"https:\\\/\\\/www.prudentes.de\\\/#website\"},\"datePublished\":\"2022-01-13T18:24:03+00:00\",\"dateModified\":\"2022-11-24T19:21:59+00:00\",\"breadcrumb\":{\"@id\":\"https:\\\/\\\/www.prudentes.de\\\/nachfolge-regeln#breadcrumb\"},\"inLanguage\":\"en-US\",\"potentialAction\":[{\"@type\":\"ReadAction\",\"target\":[\"https:\\\/\\\/www.prudentes.de\\\/nachfolge-regeln\"]}]},{\"@type\":\"BreadcrumbList\",\"@id\":\"https:\\\/\\\/www.prudentes.de\\\/nachfolge-regeln#breadcrumb\",\"itemListElement\":[{\"@type\":\"ListItem\",\"position\":1,\"name\":\"Startseite\",\"item\":\"https:\\\/\\\/www.prudentes.de\\\/\"},{\"@type\":\"ListItem\",\"position\":2,\"name\":\"Nachfolge regeln.\"}]},{\"@type\":\"WebSite\",\"@id\":\"https:\\\/\\\/www.prudentes.de\\\/#website\",\"url\":\"https:\\\/\\\/www.prudentes.de\\\/\",\"name\":\"Prudentes\",\"description\":\"Prudentes Management GmbH\",\"potentialAction\":[{\"@type\":\"SearchAction\",\"target\":{\"@type\":\"EntryPoint\",\"urlTemplate\":\"https:\\\/\\\/www.prudentes.de\\\/?s={search_term_string}\"},\"query-input\":{\"@type\":\"PropertyValueSpecification\",\"valueRequired\":true,\"valueName\":\"search_term_string\"}}],\"inLanguage\":\"en-US\"}]}<\/script>\n<!-- \/ Yoast SEO plugin. -->","yoast_head_json":{"title":"Nach\u00adfol\u00adge regeln. \u2014 Prudentes","robots":{"index":"index","follow":"follow","max-snippet":"max-snippet:-1","max-image-preview":"max-image-preview:large","max-video-preview":"max-video-preview:-1"},"canonical":"https:\/\/www.prudentes.de\/en\/nachfolge-regeln\/","og_locale":"en_US","og_type":"article","og_title":"Nachfolge regeln. - Prudentes","og_description":"&lt;&lt; Zur\u00fcck zu den Use CasesWorum gehts\u00b4s?Gro\u00dfes Baustoffhandelsunternehmen regelt seine Nachfolge.Herausforderungen: Traditionelles Baustoffhandelsunternehmen mit hoher regionaler Bekanntheit steht vor familieninterner Nachfolge \u00dcbertragung kompliziert, weil hohes Eigenkapital und gute Rentabilit\u00e4t zu vergleichsweise hohen Unternehmenswerten f\u00fchrt, die aber nicht fremd finanzierbar sind\u00a0\u00a0 Investitionsstau und notwendige Standortmodernisierungen\u00a0 bed\u00fcrfen zus\u00e4tzliche Finanzierungskapazit\u00e4ten in kommenden Jahren Prudentes Ansatz: Ermittlung eines fairen [&hellip;]","og_url":"https:\/\/www.prudentes.de\/en\/nachfolge-regeln\/","og_site_name":"Prudentes","article_modified_time":"2022-11-24T19:21:59+00:00","twitter_card":"summary_large_image","schema":{"@context":"https:\/\/schema.org","@graph":[{"@type":"WebPage","@id":"https:\/\/www.prudentes.de\/nachfolge-regeln","url":"https:\/\/www.prudentes.de\/nachfolge-regeln","name":"Nach\u00adfol\u00adge regeln. \u2014 Prudentes","isPartOf":{"@id":"https:\/\/www.prudentes.de\/#website"},"datePublished":"2022-01-13T18:24:03+00:00","dateModified":"2022-11-24T19:21:59+00:00","breadcrumb":{"@id":"https:\/\/www.prudentes.de\/nachfolge-regeln#breadcrumb"},"inLanguage":"en-US","potentialAction":[{"@type":"ReadAction","target":["https:\/\/www.prudentes.de\/nachfolge-regeln"]}]},{"@type":"BreadcrumbList","@id":"https:\/\/www.prudentes.de\/nachfolge-regeln#breadcrumb","itemListElement":[{"@type":"ListItem","position":1,"name":"Startseite","item":"https:\/\/www.prudentes.de\/"},{"@type":"ListItem","position":2,"name":"Nachfolge regeln."}]},{"@type":"WebSite","@id":"https:\/\/www.prudentes.de\/#website","url":"https:\/\/www.prudentes.de\/","name":"Pru\u00adden\u00adtes","description":"Pru\u00adden\u00adtes Manage\u00adment&nbsp;GmbH","potentialAction":[{"@type":"SearchAction","target":{"@type":"EntryPoint","urlTemplate":"https:\/\/www.prudentes.de\/?s={search_term_string}"},"query-input":{"@type":"PropertyValueSpecification","valueRequired":true,"valueName":"search_term_string"}}],"inLanguage":"en-US"}]}},"_links":{"self":[{"href":"https:\/\/www.prudentes.de\/en\/wp-json\/wp\/v2\/pages\/2213","targetHints":{"allow":["GET"]}}],"collection":[{"href":"https:\/\/www.prudentes.de\/en\/wp-json\/wp\/v2\/pages"}],"about":[{"href":"https:\/\/www.prudentes.de\/en\/wp-json\/wp\/v2\/types\/page"}],"author":[{"embeddable":true,"href":"https:\/\/www.prudentes.de\/en\/wp-json\/wp\/v2\/users\/1"}],"replies":[{"embeddable":true,"href":"https:\/\/www.prudentes.de\/en\/wp-json\/wp\/v2\/comments?post=2213"}],"version-history":[{"count":13,"href":"https:\/\/www.prudentes.de\/en\/wp-json\/wp\/v2\/pages\/2213\/revisions"}],"predecessor-version":[{"id":3145,"href":"https:\/\/www.prudentes.de\/en\/wp-json\/wp\/v2\/pages\/2213\/revisions\/3145"}],"wp:attachment":[{"href":"https:\/\/www.prudentes.de\/en\/wp-json\/wp\/v2\/media?parent=2213"}],"curies":[{"name":"wp","href":"https:\/\/api.w.org\/{rel}","templated":true}]}}