{"id":2208,"date":"2022-01-13T18:16:57","date_gmt":"2022-01-13T18:16:57","guid":{"rendered":"https:\/\/wordpress.prudentes.de\/?page_id=2208"},"modified":"2022-11-24T19:21:32","modified_gmt":"2022-11-24T19:21:32","slug":"wachstum-und-strategie","status":"publish","type":"page","link":"https:\/\/www.prudentes.de\/en\/wachstum-und-strategie","title":{"rendered":"Growth and strategy."},"content":{"rendered":"<p>[et_pb_section fb_built=\"1\" _builder_version=\"4.19.1\" _module_preset=\"default\" custom_margin_tablet=\"6%||||false|false\" custom_margin_phone=\"30%||||false|false\" custom_margin_last_edited=\"on|phone\" hover_enabled=\"0\" global_colors_info=\"{}\" custom_margin=\"95px||||false|false\" sticky_enabled=\"0\"][et_pb_row _builder_version=\"4.16\" _module_preset=\"default\" global_colors_info=\"{}\"][et_pb_column type=\"4_4\" _builder_version=\"4.16\" _module_preset=\"default\" global_colors_info=\"{}\"][et_pb_text _builder_version=\"4.16\" _module_preset=\"default\" text_text_color=\"#C00000\" link_option_url=\"https:\/\/prudentes.de\/kompetenzen-2\" global_colors_info=\"{}\"]<\/p>\n<p><strong>&lt;&lt; Zur\u00fcck zu den Use Cases<\/strong><\/p>\n<p>[\/et_pb_text][\/et_pb_column][\/et_pb_row][et_pb_row _builder_version=\"4.16\" _module_preset=\"default\" global_colors_info=\"{}\"][et_pb_column type=\"4_4\" _builder_version=\"4.16\" _module_preset=\"default\" global_colors_info=\"{}\"][et_pb_blurb title=\"Wachstum und Strategie.\" image=\"https:\/\/wordpress.prudentes.de\/wp-content\/uploads\/2021\/11\/Bildschirmfoto-2021-11-30-um-17.57.05.png\" _builder_version=\"4.16\" _module_preset=\"default\" header_font=\"|700|||||||\" header_text_color=\"#C00000\" text_orientation=\"center\" animation=\"off\" border_radii_image=\"on|10px|10px|10px|10px\" box_shadow_style_image=\"preset1\" global_colors_info=\"{}\"]<\/p>\n<p style=\"text-align: center;\"><strong>Worum gehts\u00b4s?<\/strong><br \/><span>Autohandelskonzern auf dem Weg zur richtigen Wachstumsstrategie.<\/span><\/p>\n<p>[\/et_pb_blurb][et_pb_text _builder_version=\"4.19.1\" _module_preset=\"default\" max_width=\"52%\" max_width_tablet=\"52%\" max_width_phone=\"100%\" max_width_last_edited=\"on|phone\" module_alignment=\"center\" global_colors_info=\"{}\"]<\/p>\n<p style=\"text-align: left;\"><b>Herausforderungen:<\/b><\/p>\n<ul>\n<li><span>Automobilhandelsbranche im massiven Konzentrationsprozess<\/span><\/li>\n<li><span>Autohandelskonzern hat in letzten 10 Jahren seinen Umsatz verf\u00fcnffacht<\/span><\/li>\n<li><span>Starkes externes Wachstum durch Integration von Intrabrandwettbewerbern<\/span><\/li>\n<li><span>Drei Kernmarken und zwei Nischenmarken, wobei eine Kernmarke defizit\u00e4r ist<\/span><\/li>\n<li><span>Rentabilit\u00e4t etwas unterdurchschnittlich, starkes Unternehmenswachstum f\u00fchrt zu hohem Verschuldungsgrad<\/span><\/li>\n<li><span>Das starke Wachstum der Vergangenheit erh\u00f6ht den Druck, profitabler zu werden<\/span><\/li>\n<li><span>Managementebene noch zu\u00a0 stark an mittelst\u00e4ndisches Unternehmen ausgerichtet statt an einen Handelskonzern<\/span><\/li>\n<li><span>Betriebe werden sehr dezentral gef\u00fchrt. F\u00fcrstent\u00fcmer. <\/span><\/li>\n<\/ul>\n<div style=\"text-align: left;\"><strong><br \/>Prudentes Ansatz:<\/strong><\/div>\n<div>\n<div style=\"text-align: left;\">\n<ul>\n<li><span>Wettbewerbsorientierte strategische Positionierung in Zusammenarbeit mit Management und Gesellschafter<\/span><\/li>\n<li><span>Strukturkonzept zur Verringerung der Komplexit\u00e4tskosten und Erh\u00f6hung der Transparenz der jeweiligen Markenergebnisse<\/span><\/li>\n<li><span>Auslagerung der Autohausimmobilien steueroptimiert in Besitzgesellschaft<\/span><\/li>\n<li><span>Organisationskonzept gem. \u201eHub-and-<\/span><span>Spoke<\/span><span>\u201c-Modell; dadurch Verringerung der Standorte und Ausbau der verbleibenden Standorte<\/span><\/li>\n<li><span>Installation eines \u201e<\/span><span>Shared<\/span><span> Services\u201c als Zentralfunktionen im Rechnungswesen, Controlling, Marketing, Online-Sales, GW-Bewertung, Disposition, IT, Recht<\/span><\/li>\n<li><span>Neue F\u00fchrungsebenen und Berichtswege eingezogen<\/span><\/li>\n<li><span>Zukunfts-Workshop mit allen F\u00fchrungskr\u00e4ften und Leistungstr\u00e4gern, um das Management auf die \u201eneue Zeit\u201c einzuschw\u00f6ren <\/span><\/li>\n<li>\n<p><span>Digitalstrategie entwickeln, um Online-Sales zu professionalisieren\u00a0 und interne Abl\u00e4ufe digital zu integrieren<\/span><\/p>\n<p><strong>Ergebnisse:<\/strong><\/p>\n<\/li>\n<\/ul>\n<\/div>\n<\/div>\n<p>[\/et_pb_text][\/et_pb_column][\/et_pb_row][et_pb_row column_structure=\"1_3,1_3,1_3\" _builder_version=\"4.16\" _module_preset=\"default\" max_width=\"40%\" custom_padding=\"0%||||false|false\" global_colors_info=\"{}\"][et_pb_column type=\"1_3\" _builder_version=\"4.16\" _module_preset=\"default\" global_colors_info=\"{}\"][et_pb_number_counter title=\"Ergebnissteigerung innerhalb von 2 Jahren\" number=\"200+\" percent_sign=\"off\" _builder_version=\"4.16\" _module_preset=\"default\" title_font=\"|700|||||||\" title_text_color=\"#5F5F5F\" title_font_size=\"15px\" number_font=\"||||||||\" number_text_color=\"#C00000\" global_colors_info=\"{}\"][\/et_pb_number_counter][\/et_pb_column][et_pb_column type=\"1_3\" _builder_version=\"4.16\" _module_preset=\"default\" global_colors_info=\"{}\"][et_pb_number_counter title=\"Wachstum konnte durch neue Standorte verst\u00e4rkt werden\" number=\"9\" percent_sign=\"off\" _builder_version=\"4.16\" _module_preset=\"default\" title_font=\"|700|||||||\" title_text_color=\"#5F5F5F\" title_font_size=\"15px\" number_text_color=\"#C00000\" global_colors_info=\"{}\"][\/et_pb_number_counter][\/et_pb_column][et_pb_column type=\"1_3\" _builder_version=\"4.16\" _module_preset=\"default\" global_colors_info=\"{}\"][et_pb_number_counter title=\"Shared Service installiert\" number=\"1\" percent_sign=\"off\" _builder_version=\"4.16\" _module_preset=\"default\" title_font=\"|700|||||||\" title_text_color=\"#5F5F5F\" title_font_size=\"15px\" number_text_color=\"#C00000\" global_colors_info=\"{}\"][\/et_pb_number_counter][\/et_pb_column][\/et_pb_row][\/et_pb_section][et_pb_section fb_built=\"1\" _builder_version=\"4.18.0\" _module_preset=\"default\" global_colors_info=\"{}\"][et_pb_row _builder_version=\"4.18.0\" _module_preset=\"default\" global_colors_info=\"{}\"][et_pb_column type=\"4_4\" _builder_version=\"4.18.0\" _module_preset=\"default\" global_colors_info=\"{}\"][et_pb_video src=\"https:\/\/www.prudentes.de\/wp-content\/uploads\/2022\/10\/MinrathV.2.mov\" image_src=\"https:\/\/www.prudentes.de\/wp-content\/uploads\/2022\/10\/Bildschirmfoto-2022-10-18-um-17.28.04.png\" play_icon_color=\"#FFFFFF\" font_icon=\"&#x3d;||divi||400\" _builder_version=\"4.18.0\" _module_preset=\"default\" custom_margin=\"-10%||5%||false|false\" custom_padding=\"||||false|false\" box_shadow_style=\"preset1\" global_colors_info=\"{}\"][\/et_pb_video][\/et_pb_column][\/et_pb_row][\/et_pb_section]<\/p>\n","protected":false},"excerpt":{"rendered":"<p>&lt;&lt; Zur\u00fcck zu den Use CasesWorum gehts\u00b4s?Autohandelskonzern auf dem Weg zur richtigen Wachstumsstrategie.Herausforderungen: Automobilhandelsbranche im massiven Konzentrationsprozess Autohandelskonzern hat in letzten 10 Jahren seinen Umsatz verf\u00fcnffacht Starkes externes Wachstum durch Integration von Intrabrandwettbewerbern Drei Kernmarken und zwei Nischenmarken, wobei eine Kernmarke defizit\u00e4r ist Rentabilit\u00e4t etwas unterdurchschnittlich, starkes Unternehmenswachstum f\u00fchrt zu hohem Verschuldungsgrad Das starke Wachstum [&hellip;]<\/p>\n","protected":false},"author":1,"featured_media":0,"parent":0,"menu_order":0,"comment_status":"closed","ping_status":"closed","template":"","meta":{"_et_pb_use_builder":"on","_et_pb_old_content":"<!-- wp:divi\/placeholder \/-->","_et_gb_content_width":"","wp_typography_post_enhancements_disabled":false,"footnotes":""},"class_list":["post-2208","page","type-page","status-publish","hentry"],"yoast_head":"<!-- This site is optimized with the Yoast SEO plugin v27.6 - https:\/\/yoast.com\/product\/yoast-seo-wordpress\/ -->\n<title>Wachstum und Strategie. - Prudentes<\/title>\n<meta name=\"robots\" content=\"index, follow, max-snippet:-1, max-image-preview:large, max-video-preview:-1\" \/>\n<link rel=\"canonical\" href=\"https:\/\/www.prudentes.de\/en\/wachstum-und-strategie\/\" \/>\n<meta property=\"og:locale\" content=\"en_US\" \/>\n<meta property=\"og:type\" content=\"article\" \/>\n<meta property=\"og:title\" content=\"Wachstum und Strategie. - Prudentes\" \/>\n<meta property=\"og:description\" content=\"&lt;&lt; Zur\u00fcck zu den Use CasesWorum gehts\u00b4s?Autohandelskonzern auf dem Weg zur richtigen Wachstumsstrategie.Herausforderungen: Automobilhandelsbranche im massiven Konzentrationsprozess Autohandelskonzern hat in letzten 10 Jahren seinen Umsatz verf\u00fcnffacht Starkes externes Wachstum durch Integration von Intrabrandwettbewerbern Drei Kernmarken und zwei Nischenmarken, wobei eine Kernmarke defizit\u00e4r ist Rentabilit\u00e4t etwas unterdurchschnittlich, starkes Unternehmenswachstum f\u00fchrt zu hohem Verschuldungsgrad Das starke Wachstum [&hellip;]\" \/>\n<meta property=\"og:url\" content=\"https:\/\/www.prudentes.de\/en\/wachstum-und-strategie\/\" \/>\n<meta property=\"og:site_name\" content=\"Prudentes\" \/>\n<meta property=\"article:modified_time\" content=\"2022-11-24T19:21:32+00:00\" \/>\n<meta name=\"twitter:card\" content=\"summary_large_image\" \/>\n<script type=\"application\/ld+json\" class=\"yoast-schema-graph\">{\"@context\":\"https:\\\/\\\/schema.org\",\"@graph\":[{\"@type\":\"WebPage\",\"@id\":\"https:\\\/\\\/www.prudentes.de\\\/wachstum-und-strategie\",\"url\":\"https:\\\/\\\/www.prudentes.de\\\/wachstum-und-strategie\",\"name\":\"Wachstum und Strategie. - Prudentes\",\"isPartOf\":{\"@id\":\"https:\\\/\\\/www.prudentes.de\\\/#website\"},\"datePublished\":\"2022-01-13T18:16:57+00:00\",\"dateModified\":\"2022-11-24T19:21:32+00:00\",\"breadcrumb\":{\"@id\":\"https:\\\/\\\/www.prudentes.de\\\/wachstum-und-strategie#breadcrumb\"},\"inLanguage\":\"en-US\",\"potentialAction\":[{\"@type\":\"ReadAction\",\"target\":[\"https:\\\/\\\/www.prudentes.de\\\/wachstum-und-strategie\"]}]},{\"@type\":\"BreadcrumbList\",\"@id\":\"https:\\\/\\\/www.prudentes.de\\\/wachstum-und-strategie#breadcrumb\",\"itemListElement\":[{\"@type\":\"ListItem\",\"position\":1,\"name\":\"Startseite\",\"item\":\"https:\\\/\\\/www.prudentes.de\\\/\"},{\"@type\":\"ListItem\",\"position\":2,\"name\":\"Wachstum und Strategie.\"}]},{\"@type\":\"WebSite\",\"@id\":\"https:\\\/\\\/www.prudentes.de\\\/#website\",\"url\":\"https:\\\/\\\/www.prudentes.de\\\/\",\"name\":\"Prudentes\",\"description\":\"Prudentes Management GmbH\",\"potentialAction\":[{\"@type\":\"SearchAction\",\"target\":{\"@type\":\"EntryPoint\",\"urlTemplate\":\"https:\\\/\\\/www.prudentes.de\\\/?s={search_term_string}\"},\"query-input\":{\"@type\":\"PropertyValueSpecification\",\"valueRequired\":true,\"valueName\":\"search_term_string\"}}],\"inLanguage\":\"en-US\"}]}<\/script>\n<!-- \/ Yoast SEO plugin. -->","yoast_head_json":{"title":"Wachs\u00adtum und Stra\u00adte\u00adgie. \u2014 Prudentes","robots":{"index":"index","follow":"follow","max-snippet":"max-snippet:-1","max-image-preview":"max-image-preview:large","max-video-preview":"max-video-preview:-1"},"canonical":"https:\/\/www.prudentes.de\/en\/wachstum-und-strategie\/","og_locale":"en_US","og_type":"article","og_title":"Wachstum und Strategie. - Prudentes","og_description":"&lt;&lt; Zur\u00fcck zu den Use CasesWorum gehts\u00b4s?Autohandelskonzern auf dem Weg zur richtigen Wachstumsstrategie.Herausforderungen: Automobilhandelsbranche im massiven Konzentrationsprozess Autohandelskonzern hat in letzten 10 Jahren seinen Umsatz verf\u00fcnffacht Starkes externes Wachstum durch Integration von Intrabrandwettbewerbern Drei Kernmarken und zwei Nischenmarken, wobei eine Kernmarke defizit\u00e4r ist Rentabilit\u00e4t etwas unterdurchschnittlich, starkes Unternehmenswachstum f\u00fchrt zu hohem Verschuldungsgrad Das starke Wachstum [&hellip;]","og_url":"https:\/\/www.prudentes.de\/en\/wachstum-und-strategie\/","og_site_name":"Prudentes","article_modified_time":"2022-11-24T19:21:32+00:00","twitter_card":"summary_large_image","schema":{"@context":"https:\/\/schema.org","@graph":[{"@type":"WebPage","@id":"https:\/\/www.prudentes.de\/wachstum-und-strategie","url":"https:\/\/www.prudentes.de\/wachstum-und-strategie","name":"Wachs\u00adtum und Stra\u00adte\u00adgie. \u2014 Prudentes","isPartOf":{"@id":"https:\/\/www.prudentes.de\/#website"},"datePublished":"2022-01-13T18:16:57+00:00","dateModified":"2022-11-24T19:21:32+00:00","breadcrumb":{"@id":"https:\/\/www.prudentes.de\/wachstum-und-strategie#breadcrumb"},"inLanguage":"en-US","potentialAction":[{"@type":"ReadAction","target":["https:\/\/www.prudentes.de\/wachstum-und-strategie"]}]},{"@type":"BreadcrumbList","@id":"https:\/\/www.prudentes.de\/wachstum-und-strategie#breadcrumb","itemListElement":[{"@type":"ListItem","position":1,"name":"Startseite","item":"https:\/\/www.prudentes.de\/"},{"@type":"ListItem","position":2,"name":"Wachstum und Strategie."}]},{"@type":"WebSite","@id":"https:\/\/www.prudentes.de\/#website","url":"https:\/\/www.prudentes.de\/","name":"Pru\u00adden\u00adtes","description":"Pru\u00adden\u00adtes Manage\u00adment&nbsp;GmbH","potentialAction":[{"@type":"SearchAction","target":{"@type":"EntryPoint","urlTemplate":"https:\/\/www.prudentes.de\/?s={search_term_string}"},"query-input":{"@type":"PropertyValueSpecification","valueRequired":true,"valueName":"search_term_string"}}],"inLanguage":"en-US"}]}},"_links":{"self":[{"href":"https:\/\/www.prudentes.de\/en\/wp-json\/wp\/v2\/pages\/2208","targetHints":{"allow":["GET"]}}],"collection":[{"href":"https:\/\/www.prudentes.de\/en\/wp-json\/wp\/v2\/pages"}],"about":[{"href":"https:\/\/www.prudentes.de\/en\/wp-json\/wp\/v2\/types\/page"}],"author":[{"embeddable":true,"href":"https:\/\/www.prudentes.de\/en\/wp-json\/wp\/v2\/users\/1"}],"replies":[{"embeddable":true,"href":"https:\/\/www.prudentes.de\/en\/wp-json\/wp\/v2\/comments?post=2208"}],"version-history":[{"count":14,"href":"https:\/\/www.prudentes.de\/en\/wp-json\/wp\/v2\/pages\/2208\/revisions"}],"predecessor-version":[{"id":3144,"href":"https:\/\/www.prudentes.de\/en\/wp-json\/wp\/v2\/pages\/2208\/revisions\/3144"}],"wp:attachment":[{"href":"https:\/\/www.prudentes.de\/en\/wp-json\/wp\/v2\/media?parent=2208"}],"curies":[{"name":"wp","href":"https:\/\/api.w.org\/{rel}","templated":true}]}}