{"id":12,"date":"2021-08-24T14:43:21","date_gmt":"2021-08-24T14:43:21","guid":{"rendered":"https:\/\/wordpress.prudentes.de\/?page_id=12"},"modified":"2021-10-01T14:48:29","modified_gmt":"2021-10-01T14:48:29","slug":"kompetenzen","status":"publish","type":"page","link":"https:\/\/www.prudentes.de\/en\/kompetenzen","title":{"rendered":"Com\u00adpe\u00adten\u00adci\u00ades"},"content":{"rendered":"<p>[et_pb_section fb_built=\"1\" _builder_version=\"4.10.8\" _module_preset=\"default\" use_background_color_gradient=\"on\" background_color_gradient_start=\"#c00000\" background_color_gradient_end=\"rgba(0,0,0,0)\" background_color_gradient_direction=\"1deg\" background_color_gradient_start_position=\"13%\" background_color_gradient_overlays_image=\"on\" background_image=\"https:\/\/wordpress.prudentes.de\/wp-content\/uploads\/2021\/09\/pexels-sora-shimazaki-5668765-scaled.jpg\" width=\"100%\" max_width=\"100%\" module_alignment=\"center\" height=\"360px\" custom_margin_tablet=\"\" custom_margin_phone=\"-15%||||false|false\" custom_margin_last_edited=\"on|phone\" custom_padding=\"||185px|||\" global_colors_info=\"{}\"][et_pb_row _builder_version=\"4.10.8\" _module_preset=\"default\" global_colors_info=\"{}\"][et_pb_column type=\"4_4\" _builder_version=\"4.10.3\" _module_preset=\"default\" global_colors_info=\"{}\"][et_pb_text _builder_version=\"4.10.7\" _module_preset=\"default\" text_font=\"||||||||\" text_text_color=\"#FFFFFF\" text_font_size=\"18px\" header_font=\"|700|||||||\" header_text_align=\"center\" header_text_color=\"#FFFFFF\" header_font_size=\"50px\" custom_margin=\"50px||||false|false\" header_font_size_tablet=\"\" header_font_size_phone=\"32px\" header_font_size_last_edited=\"on|phone\" global_colors_info=\"{}\" header_letter_spacing__hover_enabled=\"on|desktop\"]<\/p>\n<h1 style=\"text-align: center;\">Unsere Kompetenzen<\/h1>\n<p style=\"text-align: center;\"><em><\/em><\/p>\n<p style=\"text-align: center;\"><em>Qualifizierte Branchen- und Fachkompetenzen<\/em><\/p>\n<p>[\/et_pb_text][\/et_pb_column][\/et_pb_row][\/et_pb_section][et_pb_section fb_built=\"1\" _builder_version=\"4.10.4\" _module_preset=\"default\" custom_margin=\"-2%||||false|false\" custom_padding=\"4%||||false|false\" top_divider_style=\"mountains2\" top_divider_color=\"#C00000\" global_colors_info=\"{}\"][\/et_pb_section][et_pb_section fb_built=\"1\" _builder_version=\"4.10.7\" _module_preset=\"default\" custom_margin=\"-6%||||false|false\" custom_padding=\"||12%||false|false\" bottom_divider_style=\"mountains2\" bottom_divider_color=\"#BFBFBF\" bottom_divider_height=\"11%\" bottom_divider_flip=\"horizontal\" global_colors_info=\"{}\"][et_pb_row column_structure=\"1_2,1_2\" _builder_version=\"4.10.8\" _module_preset=\"default\" custom_padding=\"5%||||false|false\" global_colors_info=\"{}\"][et_pb_column type=\"1_2\" _builder_version=\"4.10.3\" _module_preset=\"default\" global_colors_info=\"{}\"][et_pb_blurb title=\"Branchenkompetenzen\" url=\"http:\/\/wordpress.prudentes.de\/branchenkompetenz\" image=\"https:\/\/wordpress.prudentes.de\/wp-content\/uploads\/2021\/08\/russ-ward-aMlbxs8SYig-unsplash-min-scaled.jpg\" _builder_version=\"4.11.0\" _module_preset=\"default\" header_font=\"|700|||||||\" header_text_align=\"center\" header_text_color=\"#000000\" header_font_size=\"25px\" body_text_color=\"#5F5F5F\" background_enable_image=\"off\" transform_scale_last_edited=\"off|desktop\" transform_translate_last_edited=\"off|desktop\" transform_rotate_last_edited=\"off|desktop\" transform_skew_last_edited=\"off|desktop\" transform_origin_last_edited=\"off|desktop\" transform_styles_last_edited=\"off|desktop\" border_radii=\"on|10px|10px|10px|10px\" border_width_top=\"10px\" border_color_top=\"#5F5F5F\" border_width_bottom=\"10px\" border_color_bottom=\"#5F5F5F\" border_radii_tablet=\"\" border_radii_phone=\"off|20px|20px||\" border_radii_last_edited=\"on|phone\" box_shadow_style=\"preset3\" global_colors_info=\"{}\" transform_styles__hover_enabled=\"on|hover\" transform_scale__hover_enabled=\"on|hover\" transform_translate__hover_enabled=\"on|desktop\" transform_rotate__hover_enabled=\"on|desktop\" transform_skew__hover_enabled=\"on|desktop\" transform_origin__hover_enabled=\"on|desktop\" transform_scale__hover=\"104%|104%\"]<\/p>\n<p style=\"text-align: center;\">In mehr als sechs verschiedenen Branchen verf\u00fcgt Prudentes \u00fcber<br \/>fundierte Kenntnisse und versteht den Kern der Inhalte.<\/p>\n<p style=\"text-align: center;\">[\/et_pb_blurb][\/et_pb_column][et_pb_column type=\"1_2\" _builder_version=\"4.10.3\" _module_preset=\"default\" global_colors_info=\"{}\"][et_pb_blurb title=\"Fachkompetenzen\" url=\"http:\/\/wordpress.prudentes.de\/fachkompetenz\" image=\"https:\/\/wordpress.prudentes.de\/wp-content\/uploads\/2021\/09\/pexels-mikael-blomkvist-6476254-scaled.jpg\" _builder_version=\"4.11.0\" _module_preset=\"default\" header_font=\"|700|||||||\" header_text_align=\"center\" header_text_color=\"#000000\" header_font_size=\"25px\" body_text_color=\"#5F5F5F\" background_enable_image=\"off\" border_radii=\"on|10px|10px|10px|10px\" border_width_top=\"10px\" border_color_top=\"#5F5F5F\" border_width_bottom=\"10px\" border_color_bottom=\"#5F5F5F\" border_radii_tablet=\"\" border_radii_phone=\"off|20px|20px||\" border_radii_last_edited=\"on|phone\" box_shadow_style=\"preset3\" global_colors_info=\"{}\" transform_styles__hover_enabled=\"on|hover\" transform_scale__hover_enabled=\"on|hover\" transform_translate__hover_enabled=\"on|desktop\" transform_rotate__hover_enabled=\"on|desktop\" transform_skew__hover_enabled=\"on|desktop\" transform_origin__hover_enabled=\"on|desktop\" transform_scale__hover=\"104%|104%\"]<\/p>\n<p style=\"text-align: center;\">Prudentes verf\u00fcgt dank mehr als 15 Jahren Erfahrung<br \/>\u00fcber ausgezeichnete Fachkompetenzen<\/p>\n<p style=\"text-align: center;\">[\/et_pb_blurb][\/et_pb_column][\/et_pb_row][\/et_pb_section][et_pb_section fb_built=\"1\" _builder_version=\"4.10.7\" _module_preset=\"default\" background_color=\"#BFBFBF\" top_divider_color=\"#C00000\" top_divider_height=\"127%\" bottom_divider_color=\"#C00000\" bottom_divider_height=\"309px\" global_colors_info=\"{}\"][et_pb_row _builder_version=\"4.10.3\" _module_preset=\"default\" global_colors_info=\"{}\"][et_pb_column type=\"4_4\" _builder_version=\"4.10.3\" _module_preset=\"default\" global_colors_info=\"{}\"][et_pb_text _builder_version=\"4.11.0\" _module_preset=\"default\" text_text_color=\"#5F5F5F\" background_color=\"#FFFFFF\" custom_padding=\"||||false|true\" custom_padding_tablet=\"\" custom_padding_phone=\"|4px||4px|false|true\" custom_padding_last_edited=\"on|phone\" scroll_fade=\"0|30|30|100|0|100|100\" scroll_scaling=\"0|50|50|100|100%|110%|110%\" hover_enabled=\"0\" border_radii=\"on|10px|10px|10px|10px\" box_shadow_style=\"preset1\" global_colors_info=\"{}\" sticky_enabled=\"0\"]<\/p>\n<p style=\"text-align: center;\">.<\/p>\n<p style=\"text-align: center;\">Prudentes ist ein Team von <strong>8 \u2013 10 Mitarbeitern<\/strong>, die regelm\u00e4\u00dfig \u00fcber eine Mischung aus hoher<br \/>Fach- und Branchenkompetenz sowie pers\u00f6nlicher Lebenserfahrung im Umgang mit Umbruchsituationen verf\u00fcgen.<br \/>Wir versuchen unsere Kunden zu unseren \u201eFans\u201c zu machen.<span class=\"Apple-converted-space\">\u00a0<\/span><\/p>\n<p style=\"text-align: center;\">Unternehmen durchlaufen einen Lebenszyklus. Auf diesem Weg von<br \/><strong>\u201eEntstehen\u201c, \u201ewachsen\u201c, \u201ereifen\u201c, \u201ever\u00e4ndern\u201c<\/strong> begleiten wir die Unternehem.<span class=\"Apple-converted-space\"><\/span><\/p>\n<p style=\"text-align: center;\">.<\/p>\n<p>[\/et_pb_text][\/et_pb_column][\/et_pb_row][\/et_pb_section][et_pb_section fb_built=\"1\" _builder_version=\"4.10.7\" _module_preset=\"default\" custom_padding=\"7%||7%||true|false\" top_divider_style=\"mountains2\" top_divider_color=\"#BFBFBF\" top_divider_height=\"45%\" global_colors_info=\"{}\"][\/et_pb_section][et_pb_section fb_built=\"1\" _builder_version=\"4.11.0\" _module_preset=\"default\" custom_margin=\"-6%||-5%||false|false\" custom_padding=\"||||false|false\" global_colors_info=\"{}\"][et_pb_row _builder_version=\"4.10.4\" _module_preset=\"default\" global_colors_info=\"{}\"][et_pb_column type=\"4_4\" _builder_version=\"4.10.4\" _module_preset=\"default\" global_colors_info=\"{}\"][et_pb_blurb title=\"Use Cases - Unsere Projekte\" use_icon=\"on\" font_icon=\"%%57%%\" icon_color=\"#C00000\" _builder_version=\"4.10.6\" _module_preset=\"default\" header_level=\"h1\" header_font=\"|700|||||||\" header_text_align=\"center\" header_text_color=\"#000000\" custom_padding=\"1px|||||\" global_colors_info=\"{}\"][\/et_pb_blurb][et_pb_divider color=\"#C00000\" divider_weight=\"5px\" _builder_version=\"4.10.3\" _module_preset=\"default\" width=\"23%\" module_alignment=\"center\" global_colors_info=\"{}\"][\/et_pb_divider][\/et_pb_column][\/et_pb_row][\/et_pb_section][et_pb_section fb_built=\"1\" specialty=\"on\" _builder_version=\"4.10.4\" _module_preset=\"default\" global_colors_info=\"{}\"][et_pb_column type=\"1_2\" _builder_version=\"3.25\" custom_padding=\"|||\" global_colors_info=\"{}\" custom_padding__hover=\"|||\"][et_pb_image src=\"https:\/\/wordpress.prudentes.de\/wp-content\/uploads\/2021\/08\/christopher-gower-m_HRfLhgABo-unsplash-scaled.jpg\" title_text=\"christopher-gower-m_HRfLhgABo-unsplash\" _builder_version=\"4.10.4\" _module_preset=\"default\" background_color_gradient_direction=\"90deg\" background_enable_image=\"off\" border_radii=\"on|10px|10px|10px|10px\" border_color_right=\"#C00000\" box_shadow_style=\"preset1\" global_colors_info=\"{}\"][\/et_pb_image][\/et_pb_column][et_pb_column type=\"1_2\" specialty_columns=\"2\" _builder_version=\"3.25\" custom_padding=\"|||\" global_colors_info=\"{}\" custom_padding__hover=\"|||\"][et_pb_row_inner _builder_version=\"4.10.4\" _module_preset=\"default\" custom_padding=\"||0px|||\" global_colors_info=\"{}\"][et_pb_column_inner saved_specialty_column_type=\"1_2\" _builder_version=\"4.10.4\" _module_preset=\"default\" global_colors_info=\"{}\"][et_pb_text _builder_version=\"4.10.6\" _module_preset=\"default\" header_font=\"|700|||||||\" header_text_align=\"left\" header_text_color=\"#C00000\" custom_margin=\"||3px|||\" custom_padding=\"||0px|||\" global_colors_info=\"{}\"]<\/p>\n<h1>Projekt XY<\/h1>\n<p>[\/et_pb_text][\/et_pb_column_inner][\/et_pb_row_inner][et_pb_row_inner _builder_version=\"4.10.4\" _module_preset=\"default\" custom_margin=\"||47px|||\" custom_padding=\"2px|||||\" global_colors_info=\"{}\"][et_pb_column_inner saved_specialty_column_type=\"1_2\" _builder_version=\"4.10.4\" _module_preset=\"default\" global_colors_info=\"{}\"][et_pb_text _builder_version=\"4.10.4\" _module_preset=\"default\" custom_margin=\"||-22px|||\" custom_padding=\"0px|||||\" global_colors_info=\"{}\"]<\/p>\n<p style=\"text-align: justify;\">Your content goes here. Edit or remove this text inline or in the module Content settings. You can also style every aspect of this content in the module Design settings and even apply custom CSS to this text in the module Advanced settings. Your content goes here. Edit or remove this text inline or in the module Content settings. You can also style every aspect of this content in the module Design settings and even apply custom CSS to this text in the module Advanced settings.<\/p>\n<p>[\/et_pb_text][\/et_pb_column_inner][\/et_pb_row_inner][et_pb_row_inner column_structure=\"1_2,1_2\" _builder_version=\"4.10.7\" _module_preset=\"default\" custom_margin_tablet=\"\" custom_margin_phone=\"-10%||||false|false\" custom_margin_last_edited=\"on|phone\" custom_padding=\"12px|||||\" global_colors_info=\"{}\"][et_pb_column_inner type=\"1_2\" saved_specialty_column_type=\"1_2\" _builder_version=\"4.10.4\" _module_preset=\"default\" global_colors_info=\"{}\"][et_pb_text _builder_version=\"4.10.4\" _module_preset=\"default\" global_colors_info=\"{}\"]<\/p>\n<p><strong>Zeitlicher Aufwand: <\/strong>45 BT<strong><br \/>Kunde:\u00a0<\/strong>Daimler<\/p>\n<p><strong> <\/strong><\/p>\n<p><strong><\/strong><strong><\/strong><\/p>\n<p>[\/et_pb_text][\/et_pb_column_inner][et_pb_column_inner type=\"1_2\" saved_specialty_column_type=\"1_2\" _builder_version=\"4.10.4\" _module_preset=\"default\" global_colors_info=\"{}\"][et_pb_text _builder_version=\"4.10.7\" _module_preset=\"default\" custom_margin_tablet=\"\" custom_margin_phone=\"-10%||||false|false\" custom_margin_last_edited=\"on|phone\" global_colors_info=\"{}\"]<\/p>\n<p><strong>Ansprechpartner:<br \/><\/strong>Norbert.irsfeld@prudentes.de<\/p>\n<p>[\/et_pb_text][\/et_pb_column_inner][\/et_pb_row_inner][\/et_pb_column][\/et_pb_section][et_pb_section fb_built=\"1\" specialty=\"on\" _builder_version=\"4.10.4\" _module_preset=\"default\" global_colors_info=\"{}\"][et_pb_column type=\"1_2\" _builder_version=\"3.25\" custom_padding=\"|||\" global_colors_info=\"{}\" custom_padding__hover=\"|||\"][et_pb_image src=\"https:\/\/wordpress.prudentes.de\/wp-content\/uploads\/2021\/08\/pexels-tima-miroshnichenko-5336963-scaled.jpg\" title_text=\"pexels-tima-miroshnichenko-5336963\" _builder_version=\"4.10.4\" _module_preset=\"default\" border_radii=\"on|10px|10px|10px|10px\" box_shadow_style=\"preset1\" global_colors_info=\"{}\"][\/et_pb_image][\/et_pb_column][et_pb_column type=\"1_2\" specialty_columns=\"2\" _builder_version=\"3.25\" custom_padding=\"|||\" global_colors_info=\"{}\" custom_padding__hover=\"|||\"][et_pb_row_inner _builder_version=\"4.10.4\" _module_preset=\"default\" custom_padding=\"||0px|||\" global_colors_info=\"{}\"][et_pb_column_inner saved_specialty_column_type=\"1_2\" _builder_version=\"4.10.4\" _module_preset=\"default\" global_colors_info=\"{}\"][et_pb_text _builder_version=\"4.10.4\" _module_preset=\"default\" header_font=\"|700|||||||\" header_text_align=\"left\" header_text_color=\"#C00000\" custom_margin=\"||3px|||\" custom_padding=\"||0px|||\" global_colors_info=\"{}\"]<\/p>\n<h1>Projekt XY<\/h1>\n<p>[\/et_pb_text][\/et_pb_column_inner][\/et_pb_row_inner][et_pb_row_inner _builder_version=\"4.10.4\" _module_preset=\"default\" custom_margin=\"||47px|||\" custom_padding=\"2px|||||\" global_colors_info=\"{}\"][et_pb_column_inner saved_specialty_column_type=\"1_2\" _builder_version=\"4.10.4\" _module_preset=\"default\" global_colors_info=\"{}\"][et_pb_text _builder_version=\"4.10.4\" _module_preset=\"default\" custom_margin=\"||-22px|||\" custom_padding=\"0px|||||\" global_colors_info=\"{}\"]<\/p>\n<p style=\"text-align: justify;\">Your content goes here. Edit or remove this text inline or in the module Content settings. You can also style every aspect of this content in the module Design settings and even apply custom CSS to this text in the module Advanced settings. Your content goes here. Edit or remove this text inline or in the module Content settings. You can also style every aspect of this content in the module Design settings and even apply custom CSS to this text in the module Advanced settings.<\/p>\n<p>[\/et_pb_text][\/et_pb_column_inner][\/et_pb_row_inner][et_pb_row_inner column_structure=\"1_2,1_2\" _builder_version=\"4.10.7\" _module_preset=\"default\" custom_margin_tablet=\"\" custom_margin_phone=\"-10%||||false|false\" custom_margin_last_edited=\"on|phone\" custom_padding=\"12px|||||\" global_colors_info=\"{}\"][et_pb_column_inner type=\"1_2\" saved_specialty_column_type=\"1_2\" _builder_version=\"4.10.4\" _module_preset=\"default\" global_colors_info=\"{}\"][et_pb_text _builder_version=\"4.10.4\" _module_preset=\"default\" global_colors_info=\"{}\"]<\/p>\n<p><strong>Zeitlicher Aufwand: <\/strong>45 BT<strong><br \/>Kunde:\u00a0<\/strong>Daimler<\/p>\n<p><strong> <\/strong><\/p>\n<p><strong><\/strong><strong><\/strong><\/p>\n<p>[\/et_pb_text][\/et_pb_column_inner][et_pb_column_inner type=\"1_2\" saved_specialty_column_type=\"1_2\" _builder_version=\"4.10.4\" _module_preset=\"default\" global_colors_info=\"{}\"][et_pb_text _builder_version=\"4.10.7\" _module_preset=\"default\" custom_margin=\"||||false|false\" custom_margin_tablet=\"\" custom_margin_phone=\"-10%||||false|false\" custom_margin_last_edited=\"on|phone\" global_colors_info=\"{}\"]<\/p>\n<p><strong>Ansprechpartner:<br \/><\/strong>Norbert.irsfeld@prudentes.de<\/p>\n<p>[\/et_pb_text][\/et_pb_column_inner][\/et_pb_row_inner][\/et_pb_column][\/et_pb_section][et_pb_section fb_built=\"1\" specialty=\"on\" _builder_version=\"4.10.4\" _module_preset=\"default\" global_colors_info=\"{}\"][et_pb_column type=\"1_2\" _builder_version=\"3.25\" custom_padding=\"|||\" global_colors_info=\"{}\" custom_padding__hover=\"|||\"][et_pb_image src=\"https:\/\/wordpress.prudentes.de\/wp-content\/uploads\/2021\/08\/campbell-3ZUsNJhi_Ik-unsplash-scaled.jpg\" title_text=\"campbell-3ZUsNJhi_Ik-unsplash\" _builder_version=\"4.10.4\" _module_preset=\"default\" border_radii=\"on|10px|10px|10px|10px\" box_shadow_style=\"preset1\" global_colors_info=\"{}\"][\/et_pb_image][\/et_pb_column][et_pb_column type=\"1_2\" specialty_columns=\"2\" _builder_version=\"3.25\" custom_padding=\"|||\" global_colors_info=\"{}\" custom_padding__hover=\"|||\"][et_pb_row_inner _builder_version=\"4.10.4\" _module_preset=\"default\" custom_padding=\"||0px|||\" global_colors_info=\"{}\"][et_pb_column_inner saved_specialty_column_type=\"1_2\" _builder_version=\"4.10.4\" _module_preset=\"default\" global_colors_info=\"{}\"][et_pb_text _builder_version=\"4.10.4\" _module_preset=\"default\" header_font=\"|700|||||||\" header_text_align=\"left\" header_text_color=\"#C00000\" custom_margin=\"||3px|||\" custom_padding=\"||0px|||\" global_colors_info=\"{}\"]<\/p>\n<h1>Projekt XY<\/h1>\n<p>[\/et_pb_text][\/et_pb_column_inner][\/et_pb_row_inner][et_pb_row_inner _builder_version=\"4.10.4\" _module_preset=\"default\" custom_margin=\"||47px|||\" custom_padding=\"2px|||||\" global_colors_info=\"{}\"][et_pb_column_inner saved_specialty_column_type=\"1_2\" _builder_version=\"4.10.4\" _module_preset=\"default\" global_colors_info=\"{}\"][et_pb_text _builder_version=\"4.10.4\" _module_preset=\"default\" custom_margin=\"||-22px|||\" custom_padding=\"0px|||||\" global_colors_info=\"{}\"]<\/p>\n<p style=\"text-align: justify;\">Your content goes here. Edit or remove this text inline or in the module Content settings. You can also style every aspect of this content in the module Design settings and even apply custom CSS to this text in the module Advanced settings. Your content goes here. Edit or remove this text inline or in the module Content settings. You can also style every aspect of this content in the module Design settings and even apply custom CSS to this text in the module Advanced settings.<\/p>\n<p>[\/et_pb_text][\/et_pb_column_inner][\/et_pb_row_inner][et_pb_row_inner column_structure=\"1_2,1_2\" _builder_version=\"4.10.7\" _module_preset=\"default\" custom_margin_tablet=\"\" custom_margin_phone=\"-10%||||false|false\" custom_margin_last_edited=\"on|phone\" custom_padding=\"12px|||||\" global_colors_info=\"{}\"][et_pb_column_inner type=\"1_2\" saved_specialty_column_type=\"1_2\" _builder_version=\"4.10.4\" _module_preset=\"default\" global_colors_info=\"{}\"][et_pb_text _builder_version=\"4.10.4\" _module_preset=\"default\" global_colors_info=\"{}\"]<\/p>\n<p><strong>Zeitlicher Aufwand: <\/strong>45 BT<strong><br \/>Kunde:\u00a0<\/strong>Daimler<\/p>\n<p><strong> <\/strong><\/p>\n<p><strong><\/strong><strong><\/strong><\/p>\n<p>[\/et_pb_text][\/et_pb_column_inner][et_pb_column_inner type=\"1_2\" saved_specialty_column_type=\"1_2\" _builder_version=\"4.10.4\" _module_preset=\"default\" global_colors_info=\"{}\"][et_pb_text _builder_version=\"4.10.7\" _module_preset=\"default\" custom_margin_tablet=\"\" custom_margin_phone=\"-10%||||false|false\" custom_margin_last_edited=\"on|desktop\" global_colors_info=\"{}\"]<\/p>\n<p><strong>Ansprechpartner:<br \/><\/strong>Norbert.irsfeld@prudentes.de<\/p>\n<p>[\/et_pb_text][\/et_pb_column_inner][\/et_pb_row_inner][\/et_pb_column][\/et_pb_section]<\/p>\n","protected":false},"excerpt":{"rendered":"<p>Unsere Kompetenzen Qualifizierte Branchen- und FachkompetenzenIn mehr als sechs verschiedenen Branchen verf\u00fcgt Prudentes \u00fcberfundierte Kenntnisse und versteht den Kern der Inhalte. Prudentes verf\u00fcgt dank mehr als 15 Jahren Erfahrung\u00fcber ausgezeichnete Fachkompetenzen . Prudentes ist ein Team von 8 \u2013 10 Mitarbeitern, die regelm\u00e4\u00dfig \u00fcber eine Mischung aus hoherFach- und Branchenkompetenz sowie pers\u00f6nlicher Lebenserfahrung im Umgang [&hellip;]<\/p>\n","protected":false},"author":1,"featured_media":0,"parent":0,"menu_order":0,"comment_status":"closed","ping_status":"closed","template":"","meta":{"_et_pb_use_builder":"on","_et_pb_old_content":"<!-- wp:divi\/placeholder \/-->","_et_gb_content_width":"","wp_typography_post_enhancements_disabled":false,"footnotes":""},"class_list":["post-12","page","type-page","status-publish","hentry"],"yoast_head":"<!-- This site is optimized with the Yoast SEO plugin v27.5 - https:\/\/yoast.com\/product\/yoast-seo-wordpress\/ -->\n<title>Kompetenzen - Prudentes<\/title>\n<meta name=\"robots\" content=\"index, follow, max-snippet:-1, max-image-preview:large, max-video-preview:-1\" \/>\n<link rel=\"canonical\" href=\"https:\/\/www.prudentes.de\/en\/kompetenzen\/\" \/>\n<meta property=\"og:locale\" content=\"en_US\" \/>\n<meta property=\"og:type\" content=\"article\" \/>\n<meta property=\"og:title\" content=\"Kompetenzen - Prudentes\" \/>\n<meta property=\"og:description\" content=\"Unsere Kompetenzen Qualifizierte Branchen- und FachkompetenzenIn mehr als sechs verschiedenen Branchen verf\u00fcgt Prudentes \u00fcberfundierte Kenntnisse und versteht den Kern der Inhalte. Prudentes verf\u00fcgt dank mehr als 15 Jahren Erfahrung\u00fcber ausgezeichnete Fachkompetenzen . Prudentes ist ein Team von 8 \u2013 10 Mitarbeitern, die regelm\u00e4\u00dfig \u00fcber eine Mischung aus hoherFach- und Branchenkompetenz sowie pers\u00f6nlicher Lebenserfahrung im Umgang [&hellip;]\" \/>\n<meta property=\"og:url\" content=\"https:\/\/www.prudentes.de\/en\/kompetenzen\/\" \/>\n<meta property=\"og:site_name\" content=\"Prudentes\" \/>\n<meta property=\"article:modified_time\" content=\"2021-10-01T14:48:29+00:00\" \/>\n<meta name=\"twitter:card\" content=\"summary_large_image\" \/>\n<meta name=\"twitter:label1\" content=\"Est. reading time\" \/>\n\t<meta name=\"twitter:data1\" content=\"12 minutes\" \/>\n<script type=\"application\/ld+json\" class=\"yoast-schema-graph\">{\"@context\":\"https:\\\/\\\/schema.org\",\"@graph\":[{\"@type\":\"WebPage\",\"@id\":\"https:\\\/\\\/www.prudentes.de\\\/kompetenzen\",\"url\":\"https:\\\/\\\/www.prudentes.de\\\/kompetenzen\",\"name\":\"Kompetenzen - Prudentes\",\"isPartOf\":{\"@id\":\"https:\\\/\\\/www.prudentes.de\\\/#website\"},\"datePublished\":\"2021-08-24T14:43:21+00:00\",\"dateModified\":\"2021-10-01T14:48:29+00:00\",\"breadcrumb\":{\"@id\":\"https:\\\/\\\/www.prudentes.de\\\/kompetenzen#breadcrumb\"},\"inLanguage\":\"en-US\",\"potentialAction\":[{\"@type\":\"ReadAction\",\"target\":[\"https:\\\/\\\/www.prudentes.de\\\/kompetenzen\"]}]},{\"@type\":\"BreadcrumbList\",\"@id\":\"https:\\\/\\\/www.prudentes.de\\\/kompetenzen#breadcrumb\",\"itemListElement\":[{\"@type\":\"ListItem\",\"position\":1,\"name\":\"Startseite\",\"item\":\"https:\\\/\\\/www.prudentes.de\\\/\"},{\"@type\":\"ListItem\",\"position\":2,\"name\":\"Kompetenzen\"}]},{\"@type\":\"WebSite\",\"@id\":\"https:\\\/\\\/www.prudentes.de\\\/#website\",\"url\":\"https:\\\/\\\/www.prudentes.de\\\/\",\"name\":\"Prudentes\",\"description\":\"Prudentes Management GmbH\",\"potentialAction\":[{\"@type\":\"SearchAction\",\"target\":{\"@type\":\"EntryPoint\",\"urlTemplate\":\"https:\\\/\\\/www.prudentes.de\\\/?s={search_term_string}\"},\"query-input\":{\"@type\":\"PropertyValueSpecification\",\"valueRequired\":true,\"valueName\":\"search_term_string\"}}],\"inLanguage\":\"en-US\"}]}<\/script>\n<!-- \/ Yoast SEO plugin. -->","yoast_head_json":{"title":"Kom\u00adpe\u00adten\u00adzen \u2014 Prudentes","robots":{"index":"index","follow":"follow","max-snippet":"max-snippet:-1","max-image-preview":"max-image-preview:large","max-video-preview":"max-video-preview:-1"},"canonical":"https:\/\/www.prudentes.de\/en\/kompetenzen\/","og_locale":"en_US","og_type":"article","og_title":"Kompetenzen - Prudentes","og_description":"Unsere Kompetenzen Qualifizierte Branchen- und FachkompetenzenIn mehr als sechs verschiedenen Branchen verf\u00fcgt Prudentes \u00fcberfundierte Kenntnisse und versteht den Kern der Inhalte. Prudentes verf\u00fcgt dank mehr als 15 Jahren Erfahrung\u00fcber ausgezeichnete Fachkompetenzen . Prudentes ist ein Team von 8 \u2013 10 Mitarbeitern, die regelm\u00e4\u00dfig \u00fcber eine Mischung aus hoherFach- und Branchenkompetenz sowie pers\u00f6nlicher Lebenserfahrung im Umgang [&hellip;]","og_url":"https:\/\/www.prudentes.de\/en\/kompetenzen\/","og_site_name":"Prudentes","article_modified_time":"2021-10-01T14:48:29+00:00","twitter_card":"summary_large_image","twitter_misc":{"Est. reading time":"12 minutes"},"schema":{"@context":"https:\/\/schema.org","@graph":[{"@type":"WebPage","@id":"https:\/\/www.prudentes.de\/kompetenzen","url":"https:\/\/www.prudentes.de\/kompetenzen","name":"Kom\u00adpe\u00adten\u00adzen \u2014 Prudentes","isPartOf":{"@id":"https:\/\/www.prudentes.de\/#website"},"datePublished":"2021-08-24T14:43:21+00:00","dateModified":"2021-10-01T14:48:29+00:00","breadcrumb":{"@id":"https:\/\/www.prudentes.de\/kompetenzen#breadcrumb"},"inLanguage":"en-US","potentialAction":[{"@type":"ReadAction","target":["https:\/\/www.prudentes.de\/kompetenzen"]}]},{"@type":"BreadcrumbList","@id":"https:\/\/www.prudentes.de\/kompetenzen#breadcrumb","itemListElement":[{"@type":"ListItem","position":1,"name":"Startseite","item":"https:\/\/www.prudentes.de\/"},{"@type":"ListItem","position":2,"name":"Kompetenzen"}]},{"@type":"WebSite","@id":"https:\/\/www.prudentes.de\/#website","url":"https:\/\/www.prudentes.de\/","name":"Pru\u00adden\u00adtes","description":"Pru\u00adden\u00adtes Manage\u00adment&nbsp;GmbH","potentialAction":[{"@type":"SearchAction","target":{"@type":"EntryPoint","urlTemplate":"https:\/\/www.prudentes.de\/?s={search_term_string}"},"query-input":{"@type":"PropertyValueSpecification","valueRequired":true,"valueName":"search_term_string"}}],"inLanguage":"en-US"}]}},"_links":{"self":[{"href":"https:\/\/www.prudentes.de\/en\/wp-json\/wp\/v2\/pages\/12","targetHints":{"allow":["GET"]}}],"collection":[{"href":"https:\/\/www.prudentes.de\/en\/wp-json\/wp\/v2\/pages"}],"about":[{"href":"https:\/\/www.prudentes.de\/en\/wp-json\/wp\/v2\/types\/page"}],"author":[{"embeddable":true,"href":"https:\/\/www.prudentes.de\/en\/wp-json\/wp\/v2\/users\/1"}],"replies":[{"embeddable":true,"href":"https:\/\/www.prudentes.de\/en\/wp-json\/wp\/v2\/comments?post=12"}],"version-history":[{"count":42,"href":"https:\/\/www.prudentes.de\/en\/wp-json\/wp\/v2\/pages\/12\/revisions"}],"predecessor-version":[{"id":824,"href":"https:\/\/www.prudentes.de\/en\/wp-json\/wp\/v2\/pages\/12\/revisions\/824"}],"wp:attachment":[{"href":"https:\/\/www.prudentes.de\/en\/wp-json\/wp\/v2\/media?parent=12"}],"curies":[{"name":"wp","href":"https:\/\/api.w.org\/{rel}","templated":true}]}}